{"id":49849,"date":"2026-04-20T14:35:20","date_gmt":"2026-04-20T11:35:20","guid":{"rendered":"https:\/\/isotec.com.tr\/zm-kaplama-teknolojisi\/korozyon-dayanimi\/"},"modified":"2026-04-20T14:35:20","modified_gmt":"2026-04-20T11:35:20","slug":"corrosion-resistance-2","status":"publish","type":"page","link":"https:\/\/isotec.com.tr\/eng\/zm-coating-technology\/corrosion-resistance-2\/","title":{"rendered":"Korozyon Dayan\u0131m\u0131 (C1\u2013C5)"},"content":{"rendered":"<section class=\"zm-hub zm-hub--cluster\" data-cluster=\"korozyon-dayanimi\">\n    <header class=\"zm-hub__hero\">\n        <p class=\"zm-hub__label\"><a href=\"\/eng\/zm-coating-technology\/\">ZM Technology<\/a> \u00b7 Korozyon Dayanimi<\/p>\n        <h1 class=\"zm-hub__title\">Korozyon Dayanimi<\/h1>\n    <\/header>\n    <div class=\"zm-hub__placeholder\">\n        <p><em>Cluster sayfas\u0131: korozyon-dayanimi. \u0130\u00e7erik Plan 02'de eklenecek.<\/em><\/p>\n        <p><a href=\"\/eng\/zm-coating-technology\/\">\u2190 ZM Teknolojisi'ne d\u00f6n<\/a><\/p>\n    <\/div>\n<\/section>","protected":false},"excerpt":{"rendered":"","protected":false},"author":0,"featured_media":0,"parent":49846,"menu_order":0,"comment_status":"closed","ping_status":"closed","template":"","meta":{"content-type":"","footnotes":""},"class_list":["post-49849","page","type-page","status-publish","hentry"],"yoast_head":"<!-- This site is optimized with the Yoast SEO plugin v26.9 - https:\/\/yoast.com\/product\/yoast-seo-wordpress\/ -->\n<title>Korozyon Dayan\u0131m\u0131 (C1\u2013C5) - ISOTEC Solar Montaj Sistemleri<\/title>\n<meta name=\"robots\" content=\"index, follow, max-snippet:-1, max-image-preview:large, max-video-preview:-1\" \/>\n<link rel=\"canonical\" href=\"https:\/\/isotec.com.tr\/eng\/zm-coating-technology\/corrosion-resistance-2\/\" \/>\n<meta property=\"og:locale\" content=\"en_US\" \/>\n<meta property=\"og:type\" content=\"article\" \/>\n<meta property=\"og:title\" content=\"Korozyon Dayan\u0131m\u0131 (C1\u2013C5) - ISOTEC Solar Montaj Sistemleri\" \/>\n<meta property=\"og:url\" content=\"https:\/\/isotec.com.tr\/eng\/zm-coating-technology\/corrosion-resistance-2\/\" \/>\n<meta property=\"og:site_name\" content=\"ISOTEC Solar Montaj Sistemleri\" \/>\n<meta property=\"article:publisher\" content=\"https:\/\/www.facebook.com\/isotec.enerji\/\" \/>\n<meta name=\"twitter:card\" content=\"summary_large_image\" \/>\n<script type=\"application\/ld+json\" class=\"yoast-schema-graph\">{\"@context\":\"https:\/\/schema.org\",\"@graph\":[{\"@type\":\"WebPage\",\"@id\":\"https:\/\/isotec.com.tr\/zm-kaplama-teknolojisi\/korozyon-dayanimi\/\",\"url\":\"https:\/\/isotec.com.tr\/zm-kaplama-teknolojisi\/korozyon-dayanimi\/\",\"name\":\"Korozyon Dayan\u0131m\u0131 (C1\u2013C5) - ISOTEC Solar Montaj Sistemleri\",\"isPartOf\":{\"@id\":\"https:\/\/isotec.com.tr\/#website\"},\"datePublished\":\"2026-04-20T11:35:20+00:00\",\"breadcrumb\":{\"@id\":\"https:\/\/isotec.com.tr\/zm-kaplama-teknolojisi\/korozyon-dayanimi\/#breadcrumb\"},\"inLanguage\":\"en-US\",\"potentialAction\":[{\"@type\":\"ReadAction\",\"target\":[\"https:\/\/isotec.com.tr\/zm-kaplama-teknolojisi\/korozyon-dayanimi\/\"]}]},{\"@type\":\"BreadcrumbList\",\"@id\":\"https:\/\/isotec.com.tr\/zm-kaplama-teknolojisi\/korozyon-dayanimi\/#breadcrumb\",\"itemListElement\":[{\"@type\":\"ListItem\",\"position\":1,\"name\":\"ZM Kaplamal\u0131 \u00c7elik (Zn-Al-Mg) Teknolojisi\",\"item\":\"https:\/\/isotec.com.tr\/zm-kaplama-teknolojisi\/\"},{\"@type\":\"ListItem\",\"position\":2,\"name\":\"Korozyon Dayan\u0131m\u0131 (C1\u2013C5)\"}]},{\"@type\":\"WebSite\",\"@id\":\"https:\/\/isotec.com.tr\/#website\",\"url\":\"https:\/\/isotec.com.tr\/\",\"name\":\"ISOTEC Solar Montaj Sistemleri\",\"description\":\"Gelecek nesiller i\u00e7in kal\u0131c\u0131 \u00e7\u00f6z\u00fcmler\",\"publisher\":{\"@id\":\"https:\/\/isotec.com.tr\/#organization\"},\"potentialAction\":[{\"@type\":\"SearchAction\",\"target\":{\"@type\":\"EntryPoint\",\"urlTemplate\":\"https:\/\/isotec.com.tr\/?s={search_term_string}\"},\"query-input\":{\"@type\":\"PropertyValueSpecification\",\"valueRequired\":true,\"valueName\":\"search_term_string\"}}],\"inLanguage\":\"en-US\"},{\"@type\":\"Organization\",\"@id\":\"https:\/\/isotec.com.tr\/#organization\",\"name\":\"ISOTEC Solar Ltd. \u015eti.\",\"url\":\"https:\/\/isotec.com.tr\/\",\"logo\":{\"@type\":\"ImageObject\",\"inLanguage\":\"en-US\",\"@id\":\"https:\/\/isotec.com.tr\/#\/schema\/logo\/image\/\",\"url\":\"https:\/\/isotec.com.tr\/wp-content\/uploads\/2022\/02\/isotec_solar_logo__.png\",\"contentUrl\":\"https:\/\/isotec.com.tr\/wp-content\/uploads\/2022\/02\/isotec_solar_logo__.png\",\"width\":331,\"height\":152,\"caption\":\"ISOTEC Solar Ltd. \u015eti.\"},\"image\":{\"@id\":\"https:\/\/isotec.com.tr\/#\/schema\/logo\/image\/\"},\"sameAs\":[\"https:\/\/www.facebook.com\/isotec.enerji\/\",\"https:\/\/tr.linkedin.com\/company\/isotec-enerji\"]}]}<\/script>\n<!-- \/ Yoast SEO plugin. -->","yoast_head_json":{"title":"Korozyon Dayan\u0131m\u0131 (C1\u2013C5) - ISOTEC Solar Montaj Sistemleri","robots":{"index":"index","follow":"follow","max-snippet":"max-snippet:-1","max-image-preview":"max-image-preview:large","max-video-preview":"max-video-preview:-1"},"canonical":"https:\/\/isotec.com.tr\/eng\/zm-coating-technology\/corrosion-resistance-2\/","og_locale":"en_US","og_type":"article","og_title":"Korozyon Dayan\u0131m\u0131 (C1\u2013C5) - ISOTEC Solar Montaj Sistemleri","og_url":"https:\/\/isotec.com.tr\/eng\/zm-coating-technology\/corrosion-resistance-2\/","og_site_name":"ISOTEC Solar Montaj Sistemleri","article_publisher":"https:\/\/www.facebook.com\/isotec.enerji\/","twitter_card":"summary_large_image","schema":{"@context":"https:\/\/schema.org","@graph":[{"@type":"WebPage","@id":"https:\/\/isotec.com.tr\/zm-kaplama-teknolojisi\/korozyon-dayanimi\/","url":"https:\/\/isotec.com.tr\/zm-kaplama-teknolojisi\/korozyon-dayanimi\/","name":"Korozyon Dayan\u0131m\u0131 (C1\u2013C5) - ISOTEC Solar Montaj Sistemleri","isPartOf":{"@id":"https:\/\/isotec.com.tr\/#website"},"datePublished":"2026-04-20T11:35:20+00:00","breadcrumb":{"@id":"https:\/\/isotec.com.tr\/zm-kaplama-teknolojisi\/korozyon-dayanimi\/#breadcrumb"},"inLanguage":"en-US","potentialAction":[{"@type":"ReadAction","target":["https:\/\/isotec.com.tr\/zm-kaplama-teknolojisi\/korozyon-dayanimi\/"]}]},{"@type":"BreadcrumbList","@id":"https:\/\/isotec.com.tr\/zm-kaplama-teknolojisi\/korozyon-dayanimi\/#breadcrumb","itemListElement":[{"@type":"ListItem","position":1,"name":"ZM Kaplamal\u0131 \u00c7elik (Zn-Al-Mg) Teknolojisi","item":"https:\/\/isotec.com.tr\/zm-kaplama-teknolojisi\/"},{"@type":"ListItem","position":2,"name":"Korozyon Dayan\u0131m\u0131 (C1\u2013C5)"}]},{"@type":"WebSite","@id":"https:\/\/isotec.com.tr\/#website","url":"https:\/\/isotec.com.tr\/","name":"ISOTEC Solar Mounting Systems","description":"Permanent solutions for future generations","publisher":{"@id":"https:\/\/isotec.com.tr\/#organization"},"potentialAction":[{"@type":"SearchAction","target":{"@type":"EntryPoint","urlTemplate":"https:\/\/isotec.com.tr\/?s={search_term_string}"},"query-input":{"@type":"PropertyValueSpecification","valueRequired":true,"valueName":"search_term_string"}}],"inLanguage":"en-US"},{"@type":"Organization","@id":"https:\/\/isotec.com.tr\/#organization","name":"ISOTEC Solar Ltd. Sti.","url":"https:\/\/isotec.com.tr\/","logo":{"@type":"ImageObject","inLanguage":"en-US","@id":"https:\/\/isotec.com.tr\/#\/schema\/logo\/image\/","url":"https:\/\/isotec.com.tr\/wp-content\/uploads\/2022\/02\/isotec_solar_logo__.png","contentUrl":"https:\/\/isotec.com.tr\/wp-content\/uploads\/2022\/02\/isotec_solar_logo__.png","width":331,"height":152,"caption":"ISOTEC Solar Ltd. \u015eti."},"image":{"@id":"https:\/\/isotec.com.tr\/#\/schema\/logo\/image\/"},"sameAs":["https:\/\/www.facebook.com\/isotec.enerji\/","https:\/\/tr.linkedin.com\/company\/isotec-enerji"]}]}},"yoast_meta":{"yoast_wpseo_title":"","yoast_wpseo_metadesc":"","yoast_wpseo_canonical":"https:\/\/isotec.com.tr\/eng\/wp-json\/wp\/v2\/pages\/49849"},"_links":{"self":[{"href":"https:\/\/isotec.com.tr\/eng\/wp-json\/wp\/v2\/pages\/49849","targetHints":{"allow":["GET"]}}],"collection":[{"href":"https:\/\/isotec.com.tr\/eng\/wp-json\/wp\/v2\/pages"}],"about":[{"href":"https:\/\/isotec.com.tr\/eng\/wp-json\/wp\/v2\/types\/page"}],"replies":[{"embeddable":true,"href":"https:\/\/isotec.com.tr\/eng\/wp-json\/wp\/v2\/comments?post=49849"}],"version-history":[{"count":0,"href":"https:\/\/isotec.com.tr\/eng\/wp-json\/wp\/v2\/pages\/49849\/revisions"}],"up":[{"embeddable":true,"href":"https:\/\/isotec.com.tr\/eng\/wp-json\/wp\/v2\/pages\/49846"}],"wp:attachment":[{"href":"https:\/\/isotec.com.tr\/eng\/wp-json\/wp\/v2\/media?parent=49849"}],"curies":[{"name":"wp","href":"https:\/\/api.w.org\/{rel}","templated":true}]}}