{"id":4044,"date":"2020-04-13T17:43:52","date_gmt":"2020-04-13T17:43:52","guid":{"rendered":"http:\/\/isotec.com.tr\/?page_id=4044"},"modified":"2020-04-13T17:43:53","modified_gmt":"2020-04-13T17:43:53","slug":"isoflat-s13","status":"publish","type":"page","link":"https:\/\/isotec.com.tr\/eng\/solar-panel-mounting-systems\/flat-roof-systems\/isoflat-s13\/","title":{"rendered":"ISOFLAT S13"},"content":{"rendered":"","protected":false},"excerpt":{"rendered":"","protected":false},"author":1,"featured_media":0,"parent":2424,"menu_order":1,"comment_status":"closed","ping_status":"closed","template":"","meta":{"content-type":"","footnotes":""},"class_list":["post-4044","page","type-page","status-publish","hentry"],"yoast_head":"<!-- This site is optimized with the Yoast SEO plugin v26.9 - https:\/\/yoast.com\/product\/yoast-seo-wordpress\/ -->\n<title>ISOFLAT S13 - ISOTEC Solar Montaj Sistemleri<\/title>\n<meta name=\"robots\" content=\"index, follow, max-snippet:-1, max-image-preview:large, max-video-preview:-1\" \/>\n<link rel=\"canonical\" href=\"https:\/\/isotec.com.tr\/eng\/solar-panel-mounting-systems\/flat-roof-systems\/isoflat-s13\/\" \/>\n<meta property=\"og:locale\" content=\"en_US\" \/>\n<meta property=\"og:type\" content=\"article\" \/>\n<meta property=\"og:title\" content=\"ISOFLAT S13 - ISOTEC Solar Montaj Sistemleri\" \/>\n<meta property=\"og:url\" content=\"https:\/\/isotec.com.tr\/eng\/solar-panel-mounting-systems\/flat-roof-systems\/isoflat-s13\/\" \/>\n<meta property=\"og:site_name\" content=\"ISOTEC Solar Montaj Sistemleri\" \/>\n<meta property=\"article:publisher\" content=\"https:\/\/www.facebook.com\/isotec.enerji\/\" \/>\n<meta property=\"article:modified_time\" content=\"2020-04-13T17:43:53+00:00\" \/>\n<meta name=\"twitter:card\" content=\"summary_large_image\" \/>\n<script type=\"application\/ld+json\" class=\"yoast-schema-graph\">{\"@context\":\"https:\/\/schema.org\",\"@graph\":[{\"@type\":\"WebPage\",\"@id\":\"https:\/\/isotec.com.tr\/gunes-paneli-montaj-sistemleri\/duz-cati-sistemleri\/isoflat-s13\/\",\"url\":\"https:\/\/isotec.com.tr\/gunes-paneli-montaj-sistemleri\/duz-cati-sistemleri\/isoflat-s13\/\",\"name\":\"ISOFLAT S13 - ISOTEC Solar Montaj Sistemleri\",\"isPartOf\":{\"@id\":\"https:\/\/isotec.com.tr\/#website\"},\"datePublished\":\"2020-04-13T17:43:52+00:00\",\"dateModified\":\"2020-04-13T17:43:53+00:00\",\"breadcrumb\":{\"@id\":\"https:\/\/isotec.com.tr\/gunes-paneli-montaj-sistemleri\/duz-cati-sistemleri\/isoflat-s13\/#breadcrumb\"},\"inLanguage\":\"en-US\",\"potentialAction\":[{\"@type\":\"ReadAction\",\"target\":[\"https:\/\/isotec.com.tr\/gunes-paneli-montaj-sistemleri\/duz-cati-sistemleri\/isoflat-s13\/\"]}]},{\"@type\":\"BreadcrumbList\",\"@id\":\"https:\/\/isotec.com.tr\/gunes-paneli-montaj-sistemleri\/duz-cati-sistemleri\/isoflat-s13\/#breadcrumb\",\"itemListElement\":[{\"@type\":\"ListItem\",\"position\":1,\"name\":\"Sistemler\",\"item\":\"https:\/\/isotec.com.tr\/eng\/systems\/\"},{\"@type\":\"ListItem\",\"position\":2,\"name\":\"D\u00fcz \u00c7at\u0131 Sistemleri\",\"item\":\"https:\/\/isotec.com.tr\/gunes-paneli-montaj-sistemleri\/duz-cati-sistemleri\/\"},{\"@type\":\"ListItem\",\"position\":3,\"name\":\"ISOFLAT S13\"}]},{\"@type\":\"WebSite\",\"@id\":\"https:\/\/isotec.com.tr\/#website\",\"url\":\"https:\/\/isotec.com.tr\/\",\"name\":\"ISOTEC Solar Montaj Sistemleri\",\"description\":\"Gelecek nesiller i\u00e7in kal\u0131c\u0131 \u00e7\u00f6z\u00fcmler\",\"publisher\":{\"@id\":\"https:\/\/isotec.com.tr\/#organization\"},\"potentialAction\":[{\"@type\":\"SearchAction\",\"target\":{\"@type\":\"EntryPoint\",\"urlTemplate\":\"https:\/\/isotec.com.tr\/?s={search_term_string}\"},\"query-input\":{\"@type\":\"PropertyValueSpecification\",\"valueRequired\":true,\"valueName\":\"search_term_string\"}}],\"inLanguage\":\"en-US\"},{\"@type\":\"Organization\",\"@id\":\"https:\/\/isotec.com.tr\/#organization\",\"name\":\"ISOTEC Solar Ltd. \u015eti.\",\"url\":\"https:\/\/isotec.com.tr\/\",\"logo\":{\"@type\":\"ImageObject\",\"inLanguage\":\"en-US\",\"@id\":\"https:\/\/isotec.com.tr\/#\/schema\/logo\/image\/\",\"url\":\"https:\/\/isotec.com.tr\/wp-content\/uploads\/2022\/02\/isotec_solar_logo__.png\",\"contentUrl\":\"https:\/\/isotec.com.tr\/wp-content\/uploads\/2022\/02\/isotec_solar_logo__.png\",\"width\":331,\"height\":152,\"caption\":\"ISOTEC Solar Ltd. \u015eti.\"},\"image\":{\"@id\":\"https:\/\/isotec.com.tr\/#\/schema\/logo\/image\/\"},\"sameAs\":[\"https:\/\/www.facebook.com\/isotec.enerji\/\",\"https:\/\/tr.linkedin.com\/company\/isotec-enerji\"]}]}<\/script>\n<!-- \/ Yoast SEO plugin. -->","yoast_head_json":{"title":"ISOFLAT S13 - ISOTEC Solar Mounting Systems","robots":{"index":"index","follow":"follow","max-snippet":"max-snippet:-1","max-image-preview":"max-image-preview:large","max-video-preview":"max-video-preview:-1"},"canonical":"https:\/\/isotec.com.tr\/eng\/solar-panel-mounting-systems\/flat-roof-systems\/isoflat-s13\/","og_locale":"en_US","og_type":"article","og_title":"ISOFLAT S13 - ISOTEC Solar Montaj Sistemleri","og_url":"https:\/\/isotec.com.tr\/eng\/solar-panel-mounting-systems\/flat-roof-systems\/isoflat-s13\/","og_site_name":"ISOTEC Solar Montaj Sistemleri","article_publisher":"https:\/\/www.facebook.com\/isotec.enerji\/","article_modified_time":"2020-04-13T17:43:53+00:00","twitter_card":"summary_large_image","schema":{"@context":"https:\/\/schema.org","@graph":[{"@type":"WebPage","@id":"https:\/\/isotec.com.tr\/gunes-paneli-montaj-sistemleri\/duz-cati-sistemleri\/isoflat-s13\/","url":"https:\/\/isotec.com.tr\/gunes-paneli-montaj-sistemleri\/duz-cati-sistemleri\/isoflat-s13\/","name":"ISOFLAT S13 - ISOTEC Solar Mounting Systems","isPartOf":{"@id":"https:\/\/isotec.com.tr\/#website"},"datePublished":"2020-04-13T17:43:52+00:00","dateModified":"2020-04-13T17:43:53+00:00","breadcrumb":{"@id":"https:\/\/isotec.com.tr\/gunes-paneli-montaj-sistemleri\/duz-cati-sistemleri\/isoflat-s13\/#breadcrumb"},"inLanguage":"en-US","potentialAction":[{"@type":"ReadAction","target":["https:\/\/isotec.com.tr\/gunes-paneli-montaj-sistemleri\/duz-cati-sistemleri\/isoflat-s13\/"]}]},{"@type":"BreadcrumbList","@id":"https:\/\/isotec.com.tr\/gunes-paneli-montaj-sistemleri\/duz-cati-sistemleri\/isoflat-s13\/#breadcrumb","itemListElement":[{"@type":"ListItem","position":1,"name":"Sistemler","item":"https:\/\/isotec.com.tr\/eng\/systems\/"},{"@type":"ListItem","position":2,"name":"D\u00fcz \u00c7at\u0131 Sistemleri","item":"https:\/\/isotec.com.tr\/gunes-paneli-montaj-sistemleri\/duz-cati-sistemleri\/"},{"@type":"ListItem","position":3,"name":"ISOFLAT S13"}]},{"@type":"WebSite","@id":"https:\/\/isotec.com.tr\/#website","url":"https:\/\/isotec.com.tr\/","name":"ISOTEC Solar Mounting Systems","description":"Permanent solutions for future generations","publisher":{"@id":"https:\/\/isotec.com.tr\/#organization"},"potentialAction":[{"@type":"SearchAction","target":{"@type":"EntryPoint","urlTemplate":"https:\/\/isotec.com.tr\/?s={search_term_string}"},"query-input":{"@type":"PropertyValueSpecification","valueRequired":true,"valueName":"search_term_string"}}],"inLanguage":"en-US"},{"@type":"Organization","@id":"https:\/\/isotec.com.tr\/#organization","name":"ISOTEC Solar Ltd. Sti.","url":"https:\/\/isotec.com.tr\/","logo":{"@type":"ImageObject","inLanguage":"en-US","@id":"https:\/\/isotec.com.tr\/#\/schema\/logo\/image\/","url":"https:\/\/isotec.com.tr\/wp-content\/uploads\/2022\/02\/isotec_solar_logo__.png","contentUrl":"https:\/\/isotec.com.tr\/wp-content\/uploads\/2022\/02\/isotec_solar_logo__.png","width":331,"height":152,"caption":"ISOTEC Solar Ltd. \u015eti."},"image":{"@id":"https:\/\/isotec.com.tr\/#\/schema\/logo\/image\/"},"sameAs":["https:\/\/www.facebook.com\/isotec.enerji\/","https:\/\/tr.linkedin.com\/company\/isotec-enerji"]}]}},"yoast_meta":{"yoast_wpseo_title":"","yoast_wpseo_metadesc":"","yoast_wpseo_canonical":"https:\/\/isotec.com.tr\/eng\/wp-json\/wp\/v2\/pages\/4044"},"_links":{"self":[{"href":"https:\/\/isotec.com.tr\/eng\/wp-json\/wp\/v2\/pages\/4044","targetHints":{"allow":["GET"]}}],"collection":[{"href":"https:\/\/isotec.com.tr\/eng\/wp-json\/wp\/v2\/pages"}],"about":[{"href":"https:\/\/isotec.com.tr\/eng\/wp-json\/wp\/v2\/types\/page"}],"author":[{"embeddable":true,"href":"https:\/\/isotec.com.tr\/eng\/wp-json\/wp\/v2\/users\/1"}],"replies":[{"embeddable":true,"href":"https:\/\/isotec.com.tr\/eng\/wp-json\/wp\/v2\/comments?post=4044"}],"version-history":[{"count":1,"href":"https:\/\/isotec.com.tr\/eng\/wp-json\/wp\/v2\/pages\/4044\/revisions"}],"predecessor-version":[{"id":48388,"href":"https:\/\/isotec.com.tr\/eng\/wp-json\/wp\/v2\/pages\/4044\/revisions\/48388"}],"up":[{"embeddable":true,"href":"https:\/\/isotec.com.tr\/eng\/wp-json\/wp\/v2\/pages\/2424"}],"wp:attachment":[{"href":"https:\/\/isotec.com.tr\/eng\/wp-json\/wp\/v2\/media?parent=4044"}],"curies":[{"name":"wp","href":"https:\/\/api.w.org\/{rel}","templated":true}]}}