{"id":2451,"date":"2020-03-28T14:51:41","date_gmt":"2020-03-28T14:51:41","guid":{"rendered":"http:\/\/isotec.com.tr\/?page_id=2451"},"modified":"2026-05-02T14:11:53","modified_gmt":"2026-05-02T11:11:53","slug":"land-mounting-systems_","status":"publish","type":"page","link":"https:\/\/isotec.com.tr\/eng\/solar-panel-mounting-systems\/land-mounting-systems_\/","title":{"rendered":"Ground Mount Systems"},"content":{"rendered":"<style type=\"text\/css\" data-created_by=\"avia_inline_auto\" id=\"style-css-av-2mjor7-ba95af04d4f3dfba25b2ec7372397897\">\n#top .av-special-heading.av-2mjor7-ba95af04d4f3dfba25b2ec7372397897{\nmargin:0px 0px 0px 0px;\npadding-bottom:0;\n}\nbody .av-special-heading.av-2mjor7-ba95af04d4f3dfba25b2ec7372397897 .av-special-heading-tag .heading-char{\nfont-size:25px;\n}\n.av-special-heading.av-2mjor7-ba95af04d4f3dfba25b2ec7372397897 .av-subheading{\nfont-size:15px;\n}\n<\/style>\n<div  class='av-special-heading av-2mjor7-ba95af04d4f3dfba25b2ec7372397897 av-special-heading-h1 blockquote modern-quote  avia-builder-el-0  el_before_av_one_half  avia-builder-el-first  isotec-sr-only av-desktop-hide av-medium-hide av-small-hide av-mini-hide'><h1 class='av-special-heading-tag'  itemprop=\"headline\"  >Ground Mount Systems<\/h1><div class=\"special-heading-border\"><div class=\"special-heading-inner-border\"><\/div><\/div><\/div>\n<div class='flex_column_table av-k8bzlkw3-a6bc557f2dd7624399c79926d0d62ae4 sc-av_one_half av-equal-height-column-flextable'>\n<style type=\"text\/css\" data-created_by=\"avia_inline_auto\" id=\"style-css-av-k8bzlkw3-a6bc557f2dd7624399c79926d0d62ae4\">\n@keyframes av_boxShadowEffect_av-k8bzlkw3-a6bc557f2dd7624399c79926d0d62ae4-column {\n0%   { box-shadow:  0 0 0 0 #eaeaea; opacity: 1; }\n100% { box-shadow:  0 0 3px 0 #eaeaea; opacity: 1; }\n}\n.flex_column.av-k8bzlkw3-a6bc557f2dd7624399c79926d0d62ae4{\nbox-shadow: 0 0 3px 0 #eaeaea;\nborder-width:1px;\nborder-color:#e0e0e0;\nborder-style:solid;\nborder-radius:0px 0px 0px 0px;\npadding:30px 25px 0px 25px;\nbackground-color:#ffffff;\n}\n<\/style>\n<div  class='flex_column av-k8bzlkw3-a6bc557f2dd7624399c79926d0d62ae4 av_one_half  avia-builder-el-1  el_after_av_heading  el_before_av_one_half  first flex_column_table_cell av-equal-height-column av-align-top av-animated-generic left-to-right shadow-not-animated'     ><p>\n<style type=\"text\/css\" data-created_by=\"avia_inline_auto\" id=\"style-css-av-46xngj-fce090b6141948b07cdbc960d1821d3c\">\n#top .av-special-heading.av-46xngj-fce090b6141948b07cdbc960d1821d3c{\nmargin:5px 5px 5px 5px;\npadding-bottom:0;\n}\nbody .av-special-heading.av-46xngj-fce090b6141948b07cdbc960d1821d3c .av-special-heading-tag .heading-char{\nfont-size:25px;\n}\n.av-special-heading.av-46xngj-fce090b6141948b07cdbc960d1821d3c .av-subheading{\nfont-size:15px;\n}\n<\/style>\n<div  class='av-special-heading av-46xngj-fce090b6141948b07cdbc960d1821d3c av-special-heading-h1 blockquote modern-quote modern-centered  avia-builder-el-2  el_before_av_image  avia-builder-el-first  av-linked-heading'><h1 class='av-special-heading-tag'  itemprop=\"headline\"  ><a class=\"av-heading-link\" href=\"https:\/\/isotec.com.tr\/eng\/solar-panel-mounting-systems\/land-mounting-systems_\/iso-ground-two\/\" >ISOGROUND TWO<\/a><\/h1><div class=\"special-heading-border\"><div class=\"special-heading-inner-border\"><\/div><\/div><\/div><br \/>\n\n<style type=\"text\/css\" data-created_by=\"avia_inline_auto\" id=\"style-css-av-k8c1amkr-ce951d4325b0a1d49288dfa102cb73ef\">\n.avia-image-container.av-k8c1amkr-ce951d4325b0a1d49288dfa102cb73ef img.avia_image{\nbox-shadow:none;\n}\n.avia-image-container.av-k8c1amkr-ce951d4325b0a1d49288dfa102cb73ef .av-image-caption-overlay-center{\ncolor:#ffffff;\n}\n<\/style>\n<div  class='avia-image-container av-k8c1amkr-ce951d4325b0a1d49288dfa102cb73ef av-styling- av-img-linked avia-align-center  avia-builder-el-3  el_after_av_heading  el_before_av_hr'   itemprop=\"image\" itemscope=\"itemscope\" itemtype=\"https:\/\/schema.org\/ImageObject\" ><div class=\"avia-image-container-inner\"><div class=\"avia-image-overlay-wrap\"><a href=\"https:\/\/isotec.com.tr\/eng\/solar-panel-mounting-systems\/land-mounting-systems_\/iso-ground-two\/\" class='avia_image'  aria-label='ISOGROUND BNS'><img decoding=\"async\" fetchpriority=\"high\" class='wp-image-2575 avia-img-lazy-loading-not-2575 avia_image' src=\"https:\/\/isotec.com.tr\/wp-content\/uploads\/2020\/03\/isogroundbns.jpg\" alt='' title='ISOGROUND BNS'  height=\"525\" width=\"900\"  itemprop=\"thumbnailUrl\" srcset=\"https:\/\/isotec.com.tr\/wp-content\/uploads\/2020\/03\/isogroundbns.jpg 900w, https:\/\/isotec.com.tr\/wp-content\/uploads\/2020\/03\/isogroundbns-300x175.jpg 300w, https:\/\/isotec.com.tr\/wp-content\/uploads\/2020\/03\/isogroundbns-768x448.jpg 768w, https:\/\/isotec.com.tr\/wp-content\/uploads\/2020\/03\/isogroundbns-705x411.jpg 705w\" sizes=\"(max-width: 900px) 100vw, 900px\" \/><\/a><\/div><\/div><\/div><br \/>\n\n<style type=\"text\/css\" data-created_by=\"avia_inline_auto\" id=\"style-css-av-k8c38746-3dc76f9949992738ab4d0e0ccc0b914a\">\n#top .hr.av-k8c38746-3dc76f9949992738ab4d0e0ccc0b914a{\nmargin-top:15px;\nmargin-bottom:15px;\n}\n.hr.av-k8c38746-3dc76f9949992738ab4d0e0ccc0b914a .hr-inner{\nwidth:50px;\nborder-color:#0d71b9;\nmax-width:45%;\n}\n<\/style>\n<div  class='hr av-k8c38746-3dc76f9949992738ab4d0e0ccc0b914a hr-custom  avia-builder-el-4  el_after_av_image  el_before_av_textblock  hr-center hr-icon-yes'><span class='hr-inner inner-border-av-border-thin'><span class=\"hr-inner-style\"><\/span><\/span><span class='av-seperator-icon avia-iconfont avia-font-entypo-fontello' data-av_icon='\ue808' data-av_iconfont='entypo-fontello' ><\/span><span class='hr-inner inner-border-av-border-thin'><span class=\"hr-inner-style\"><\/span><\/span><\/div><br \/>\n<section  class='av_textblock_section av-k8c331do-1267df01ee75fefc802f0778e434401e'   itemscope=\"itemscope\" itemtype=\"https:\/\/schema.org\/CreativeWork\" ><div class='avia_textblock'  itemprop=\"text\" ><table style=\"width: 100%; border-collapse: collapse; background-color: #ffffff; border-style: none;\">\n<tbody>\n<tr>\n<td style=\"width: 100%; border-style: none; background-color: #ffffff;\">\n<ul>\n<li><span style=\"font-size: 12pt;\">It is resistant to maximum strength in double columns.<\/span><\/li>\n<li><span style=\"font-size: 12pt;\">It is used in vertical and horizontal settlements.<\/span><\/li>\n<li><span style=\"font-size: 12pt;\">It can be selected as steel steel and steel aluminum.<\/span><\/li>\n<li><span style=\"font-size: 12pt;\">It can be applied to all kinds of ground.<\/span><\/li>\n<li><span style=\"font-size: 12pt;\">All fasteners are stainless A2.<\/span><\/li>\n<li><span style=\"font-size: 12pt;\">Grippers are resistant to high strength.<\/span><\/li>\n<\/ul>\n<\/td>\n<\/tr>\n<\/tbody>\n<\/table>\n<\/div><\/section><br \/>\n<div  class='avia-button-wrap av-detay-two-e2a1ac6e174dc5ecd30907e1687b6e4a-wrap avia-button-center  avia-builder-el-6  el_after_av_textblock  el_before_av_notification'><a href='https:\/\/isotec.com.tr\/eng\/solar-panel-mounting-systems\/land-mounting-systems_\/iso-ground-two\/'  class='avia-button av-detay-two-e2a1ac6e174dc5ecd30907e1687b6e4a av-link-btn avia-icon_select-yes-left-icon avia-size-large avia-position-center avia-color-theme-color'   aria-label=\"Review the details.\"><span class='avia_button_icon avia_button_icon_left avia-iconfont avia-font-entypo-fontello' data-av_icon='\ue80b' data-av_iconfont='entypo-fontello' ><\/span><span class='avia_iconbox_title' >Review the details.<\/span><\/a><\/div><br \/>\n\n<style type=\"text\/css\" data-created_by=\"avia_inline_auto\" id=\"style-css-av-k8bzuym0-2c613cae93358b6acd70f5c1472641d1\">\n.avia_message_box.av-k8bzuym0-2c613cae93358b6acd70f5c1472641d1{\nbackground-color:#0d71b9;\ncolor:#ffffff;\n}\n.avia_message_box.av-k8bzuym0-2c613cae93358b6acd70f5c1472641d1 .avia_message_box_icon.avia-svg-icon svg:first-child{\nfill:#ffffff;\nstroke:#ffffff;\n}\n<\/style>\n<div id='avia-messagebox-' class='avia_message_box av_notification av-k8bzuym0-2c613cae93358b6acd70f5c1472641d1 avia-color-custom avia-size-normal avia-icon_select-no avia-border-  avia-builder-el-7  el_after_av_button  avia-builder-el-last' ><span class='avia_message_box_title' >ISOGROUND BNS TWO V.1.2<\/span><div class=\"avia_message_box_content\"><\/div><\/div><\/p><\/div>\n<div class='av-flex-placeholder'><\/div>\n<style type=\"text\/css\" data-created_by=\"avia_inline_auto\" id=\"style-css-av-k8bzlkw3-6-29fb2fb25a5a8dcc2d59a1e7a5b8d490\">\n@keyframes av_boxShadowEffect_av-k8bzlkw3-6-29fb2fb25a5a8dcc2d59a1e7a5b8d490-column {\n0%   { box-shadow:  0 0 0 0 #eaeaea; opacity: 1; }\n100% { box-shadow:  0 0 3px 0 #eaeaea; opacity: 1; }\n}\n.flex_column.av-k8bzlkw3-6-29fb2fb25a5a8dcc2d59a1e7a5b8d490{\nbox-shadow: 0 0 3px 0 #eaeaea;\nborder-width:1px;\nborder-color:#e0e0e0;\nborder-style:solid;\nborder-radius:0px 0px 0px 0px;\npadding:30px 25px 0px 25px;\nbackground-color:#ffffff;\n}\n<\/style>\n<div  class='flex_column av-k8bzlkw3-6-29fb2fb25a5a8dcc2d59a1e7a5b8d490 av_one_half  avia-builder-el-8  el_after_av_one_half  avia-builder-el-last  flex_column_table_cell av-equal-height-column av-align-top av-animated-generic left-to-right shadow-not-animated'     ><p>\n<style type=\"text\/css\" data-created_by=\"avia_inline_auto\" id=\"style-css-av-1xuev7-9a79d56d9cbab09cc67ddf2b71135468\">\n#top .av-special-heading.av-1xuev7-9a79d56d9cbab09cc67ddf2b71135468{\nmargin:5px 5px 5px 5px;\npadding-bottom:0;\n}\nbody .av-special-heading.av-1xuev7-9a79d56d9cbab09cc67ddf2b71135468 .av-special-heading-tag .heading-char{\nfont-size:25px;\n}\n.av-special-heading.av-1xuev7-9a79d56d9cbab09cc67ddf2b71135468 .av-subheading{\nfont-size:15px;\n}\n<\/style>\n<div  class='av-special-heading av-1xuev7-9a79d56d9cbab09cc67ddf2b71135468 av-special-heading-h1 blockquote modern-quote modern-centered  avia-builder-el-9  el_before_av_image  avia-builder-el-first'><h1 class='av-special-heading-tag'  itemprop=\"headline\"  >ISOGROUND ONE<\/h1><div class=\"special-heading-border\"><div class=\"special-heading-inner-border\"><\/div><\/div><\/div><br \/>\n\n<style type=\"text\/css\" data-created_by=\"avia_inline_auto\" id=\"style-css-av-k8c1amkr-5-d8cf03075bd19c6cea538725deb59a58\">\n.avia-image-container.av-k8c1amkr-5-d8cf03075bd19c6cea538725deb59a58 img.avia_image{\nbox-shadow:none;\n}\n.avia-image-container.av-k8c1amkr-5-d8cf03075bd19c6cea538725deb59a58 .av-image-caption-overlay-center{\ncolor:#ffffff;\n}\n<\/style>\n<div  class='avia-image-container av-k8c1amkr-5-d8cf03075bd19c6cea538725deb59a58 av-styling- avia-align-center  avia-builder-el-10  el_after_av_heading  el_before_av_hr'   itemprop=\"image\" itemscope=\"itemscope\" itemtype=\"https:\/\/schema.org\/ImageObject\" ><div class=\"avia-image-container-inner\"><div class=\"avia-image-overlay-wrap\"><img decoding=\"async\" fetchpriority=\"high\" class='wp-image-2814 avia-img-lazy-loading-not-2814 avia_image' src=\"https:\/\/isotec.com.tr\/wp-content\/uploads\/2020\/03\/isoground-one.jpg\" alt='' title='Single Column Terrain Carrier System'  height=\"525\" width=\"900\"  itemprop=\"thumbnailUrl\" srcset=\"https:\/\/isotec.com.tr\/wp-content\/uploads\/2020\/03\/isoground-one.jpg 900w, https:\/\/isotec.com.tr\/wp-content\/uploads\/2020\/03\/isoground-one-300x175.jpg 300w, https:\/\/isotec.com.tr\/wp-content\/uploads\/2020\/03\/isoground-one-768x448.jpg 768w, https:\/\/isotec.com.tr\/wp-content\/uploads\/2020\/03\/isoground-one-705x411.jpg 705w\" sizes=\"(max-width: 900px) 100vw, 900px\" \/><\/div><\/div><\/div><br \/>\n\n<style type=\"text\/css\" data-created_by=\"avia_inline_auto\" id=\"style-css-av-k8c38746-4-b7406a52b4aaf2d82ba9286c7d2dee95\">\n#top .hr.av-k8c38746-4-b7406a52b4aaf2d82ba9286c7d2dee95{\nmargin-top:15px;\nmargin-bottom:15px;\n}\n.hr.av-k8c38746-4-b7406a52b4aaf2d82ba9286c7d2dee95 .hr-inner{\nwidth:50px;\nborder-color:#0d71b9;\nmax-width:45%;\n}\n<\/style>\n<div  class='hr av-k8c38746-4-b7406a52b4aaf2d82ba9286c7d2dee95 hr-custom  avia-builder-el-11  el_after_av_image  el_before_av_textblock  hr-center hr-icon-yes'><span class='hr-inner inner-border-av-border-thin'><span class=\"hr-inner-style\"><\/span><\/span><span class='av-seperator-icon avia-iconfont avia-font-entypo-fontello' data-av_icon='\ue808' data-av_iconfont='entypo-fontello' ><\/span><span class='hr-inner inner-border-av-border-thin'><span class=\"hr-inner-style\"><\/span><\/span><\/div><br \/>\n<section  class='av_textblock_section av-k8c331do-3-dce9ab0e0f51f44ca98bb9b523dcd418'   itemscope=\"itemscope\" itemtype=\"https:\/\/schema.org\/CreativeWork\" ><div class='avia_textblock'  itemprop=\"text\" ><table style=\"width: 100%; border-collapse: collapse; background-color: #ffffff; border-style: none;\">\n<tbody>\n<tr>\n<td style=\"width: 100%; border-style: none; background-color: #ffffff;\">\n<ul>\n<li><span style=\"font-size: 12pt;\">Single column fixed angle mounting system is preferred in order to decrease the number of columns in hard floors.<\/span><\/li>\n<li><span style=\"font-size: 12pt;\">It can be used in vertical and horizontal layouts.<\/span><\/li>\n<li><span style=\"font-size: 12pt;\">It can be selected as steel steel and steel aluminum.<\/span><\/li>\n<li><span style=\"font-size: 12pt;\">It can be applied to all kinds of ground.<\/span><\/li>\n<li><span style=\"font-size: 12pt;\">All fasteners are stainless A2.<\/span><\/li>\n<li><span style=\"font-size: 12pt;\">Grippers are resistant to high strength.<\/span><\/li>\n<\/ul>\n<\/td>\n<\/tr>\n<\/tbody>\n<\/table>\n<\/div><\/section><br \/>\n<div  class='avia-button-wrap av-k8c28bx3-2-59d0872a88a3371177fe9077f944c4b1-wrap avia-button-center  avia-builder-el-13  el_after_av_textblock  el_before_av_notification'><a href='https:\/\/isotec.com.tr\/eng\/get-offer\/'  class='avia-button av-k8c28bx3-2-59d0872a88a3371177fe9077f944c4b1 av-link-btn avia-icon_select-yes-left-icon avia-size-large avia-position-center avia-color-dark'  target=\"_blank\"  rel=\"noopener noreferrer\"  aria-label=\"I want an offer\"><span class='avia_button_icon avia_button_icon_left avia-iconfont avia-font-entypo-fontello' data-av_icon='\ue871' data-av_iconfont='entypo-fontello' ><\/span><span class='avia_iconbox_title' >I want an offer<\/span><\/a><\/div><br \/>\n\n<style type=\"text\/css\" data-created_by=\"avia_inline_auto\" id=\"style-css-av-k8bzuym0-1-da4f77ec845ecccdee3e2d73e0e22f29\">\n.avia_message_box.av-k8bzuym0-1-da4f77ec845ecccdee3e2d73e0e22f29{\nbackground-color:#0d71b9;\ncolor:#ffffff;\n}\n.avia_message_box.av-k8bzuym0-1-da4f77ec845ecccdee3e2d73e0e22f29 .avia_message_box_icon.avia-svg-icon svg:first-child{\nfill:#ffffff;\nstroke:#ffffff;\n}\n<\/style>\n<div id='avia-messagebox-' class='avia_message_box av_notification av-k8bzuym0-1-da4f77ec845ecccdee3e2d73e0e22f29 avia-color-custom avia-size-normal avia-icon_select-no avia-border-  avia-builder-el-14  el_after_av_button  avia-builder-el-last' ><span class='avia_message_box_title' >ISOGROUND BNS ONE V.1.2<\/span><div class=\"avia_message_box_content\"><\/div><\/div><\/p><\/div><\/div><!--close column table wrapper. Autoclose: 1 -->","protected":false},"excerpt":{"rendered":"","protected":false},"author":1,"featured_media":0,"parent":1203,"menu_order":3,"comment_status":"closed","ping_status":"closed","template":"","meta":{"content-type":"","footnotes":""},"class_list":["post-2451","page","type-page","status-publish","hentry"],"yoast_head":"<!-- This site is optimized with the Yoast SEO plugin v26.9 - https:\/\/yoast.com\/product\/yoast-seo-wordpress\/ -->\n<title>Arazi Tipi Solar Montaj Sistemleri | ISOTEC<\/title>\n<meta name=\"description\" content=\"Arazi tipi g\u00fcne\u015f panel montaj sistemleri tek ve \u00e7ift kolon \u015feklinde, paslanmaz \u00e7elik ba\u011flant\u0131larla her zemin t\u00fcr\u00fcne uygundur. Arazi sistemleri \u00f6zel \u00e7\u00f6z\u00fcmler i\u00e7in t\u0131klay\u0131n.\" \/>\n<meta name=\"robots\" content=\"index, follow, max-snippet:-1, max-image-preview:large, max-video-preview:-1\" \/>\n<link rel=\"canonical\" href=\"https:\/\/isotec.com.tr\/eng\/solar-panel-mounting-systems\/land-mounting-systems_\/\" \/>\n<meta property=\"og:locale\" content=\"en_US\" \/>\n<meta property=\"og:type\" content=\"article\" \/>\n<meta property=\"og:title\" content=\"Arazi Tipi Solar Montaj Sistemleri | ISOTEC\" \/>\n<meta property=\"og:description\" content=\"Arazi tipi g\u00fcne\u015f panel montaj sistemleri tek ve \u00e7ift kolon \u015feklinde, paslanmaz \u00e7elik ba\u011flant\u0131larla her zemin t\u00fcr\u00fcne uygundur. Arazi sistemleri \u00f6zel \u00e7\u00f6z\u00fcmler i\u00e7in t\u0131klay\u0131n.\" \/>\n<meta property=\"og:url\" content=\"https:\/\/isotec.com.tr\/eng\/solar-panel-mounting-systems\/land-mounting-systems_\/\" \/>\n<meta property=\"og:site_name\" content=\"ISOTEC Solar Montaj Sistemleri\" \/>\n<meta property=\"article:publisher\" content=\"https:\/\/www.facebook.com\/isotec.enerji\/\" \/>\n<meta property=\"article:modified_time\" content=\"2026-05-02T11:11:53+00:00\" \/>\n<meta name=\"twitter:card\" content=\"summary_large_image\" \/>\n<meta name=\"twitter:label1\" content=\"Est. reading time\" \/>\n\t<meta name=\"twitter:data1\" content=\"1 minute\" \/>\n<script type=\"application\/ld+json\" class=\"yoast-schema-graph\">{\"@context\":\"https:\/\/schema.org\",\"@graph\":[{\"@type\":\"WebPage\",\"@id\":\"https:\/\/isotec.com.tr\/gunes-paneli-montaj-sistemleri\/arazi-montaj-sistemleri_\/\",\"url\":\"https:\/\/isotec.com.tr\/gunes-paneli-montaj-sistemleri\/arazi-montaj-sistemleri_\/\",\"name\":\"Arazi Tipi Solar Montaj Sistemleri | ISOTEC\",\"isPartOf\":{\"@id\":\"https:\/\/isotec.com.tr\/#website\"},\"datePublished\":\"2020-03-28T14:51:41+00:00\",\"dateModified\":\"2026-05-02T11:11:53+00:00\",\"description\":\"Arazi tipi g\u00fcne\u015f panel montaj sistemleri tek ve \u00e7ift kolon \u015feklinde, paslanmaz \u00e7elik ba\u011flant\u0131larla her zemin t\u00fcr\u00fcne uygundur. Arazi sistemleri \u00f6zel \u00e7\u00f6z\u00fcmler i\u00e7in t\u0131klay\u0131n.\",\"breadcrumb\":{\"@id\":\"https:\/\/isotec.com.tr\/gunes-paneli-montaj-sistemleri\/arazi-montaj-sistemleri_\/#breadcrumb\"},\"inLanguage\":\"en-US\",\"potentialAction\":[{\"@type\":\"ReadAction\",\"target\":[\"https:\/\/isotec.com.tr\/gunes-paneli-montaj-sistemleri\/arazi-montaj-sistemleri_\/\"]}]},{\"@type\":\"BreadcrumbList\",\"@id\":\"https:\/\/isotec.com.tr\/gunes-paneli-montaj-sistemleri\/arazi-montaj-sistemleri_\/#breadcrumb\",\"itemListElement\":[{\"@type\":\"ListItem\",\"position\":1,\"name\":\"Sistemler\",\"item\":\"https:\/\/isotec.com.tr\/eng\/systems\/\"},{\"@type\":\"ListItem\",\"position\":2,\"name\":\"Arazi Montaj Sistemleri\"}]},{\"@type\":\"WebSite\",\"@id\":\"https:\/\/isotec.com.tr\/#website\",\"url\":\"https:\/\/isotec.com.tr\/\",\"name\":\"ISOTEC Solar Montaj Sistemleri\",\"description\":\"Gelecek nesiller i\u00e7in kal\u0131c\u0131 \u00e7\u00f6z\u00fcmler\",\"publisher\":{\"@id\":\"https:\/\/isotec.com.tr\/#organization\"},\"potentialAction\":[{\"@type\":\"SearchAction\",\"target\":{\"@type\":\"EntryPoint\",\"urlTemplate\":\"https:\/\/isotec.com.tr\/?s={search_term_string}\"},\"query-input\":{\"@type\":\"PropertyValueSpecification\",\"valueRequired\":true,\"valueName\":\"search_term_string\"}}],\"inLanguage\":\"en-US\"},{\"@type\":\"Organization\",\"@id\":\"https:\/\/isotec.com.tr\/#organization\",\"name\":\"ISOTEC Solar Ltd. \u015eti.\",\"url\":\"https:\/\/isotec.com.tr\/\",\"logo\":{\"@type\":\"ImageObject\",\"inLanguage\":\"en-US\",\"@id\":\"https:\/\/isotec.com.tr\/#\/schema\/logo\/image\/\",\"url\":\"https:\/\/isotec.com.tr\/wp-content\/uploads\/2022\/02\/isotec_solar_logo__.png\",\"contentUrl\":\"https:\/\/isotec.com.tr\/wp-content\/uploads\/2022\/02\/isotec_solar_logo__.png\",\"width\":331,\"height\":152,\"caption\":\"ISOTEC Solar Ltd. \u015eti.\"},\"image\":{\"@id\":\"https:\/\/isotec.com.tr\/#\/schema\/logo\/image\/\"},\"sameAs\":[\"https:\/\/www.facebook.com\/isotec.enerji\/\",\"https:\/\/tr.linkedin.com\/company\/isotec-enerji\"]}]}<\/script>\n<!-- \/ Yoast SEO plugin. -->","yoast_head_json":{"title":"Terrain Solar Mounting Systems | ISOTEC","description":"Terrain type solar panel mounting systems are suitable for all ground types with single and double column form, stainless steel connections. Click for land systems special solutions.","robots":{"index":"index","follow":"follow","max-snippet":"max-snippet:-1","max-image-preview":"max-image-preview:large","max-video-preview":"max-video-preview:-1"},"canonical":"https:\/\/isotec.com.tr\/eng\/solar-panel-mounting-systems\/land-mounting-systems_\/","og_locale":"en_US","og_type":"article","og_title":"Arazi Tipi Solar Montaj Sistemleri | ISOTEC","og_description":"Arazi tipi g\u00fcne\u015f panel montaj sistemleri tek ve \u00e7ift kolon \u015feklinde, paslanmaz \u00e7elik ba\u011flant\u0131larla her zemin t\u00fcr\u00fcne uygundur. Arazi sistemleri \u00f6zel \u00e7\u00f6z\u00fcmler i\u00e7in t\u0131klay\u0131n.","og_url":"https:\/\/isotec.com.tr\/eng\/solar-panel-mounting-systems\/land-mounting-systems_\/","og_site_name":"ISOTEC Solar Montaj Sistemleri","article_publisher":"https:\/\/www.facebook.com\/isotec.enerji\/","article_modified_time":"2026-05-02T11:11:53+00:00","twitter_card":"summary_large_image","twitter_misc":{"Est. reading time":"1 minute"},"schema":{"@context":"https:\/\/schema.org","@graph":[{"@type":"WebPage","@id":"https:\/\/isotec.com.tr\/gunes-paneli-montaj-sistemleri\/arazi-montaj-sistemleri_\/","url":"https:\/\/isotec.com.tr\/gunes-paneli-montaj-sistemleri\/arazi-montaj-sistemleri_\/","name":"Terrain Solar Mounting Systems | ISOTEC","isPartOf":{"@id":"https:\/\/isotec.com.tr\/#website"},"datePublished":"2020-03-28T14:51:41+00:00","dateModified":"2026-05-02T11:11:53+00:00","description":"Terrain type solar panel mounting systems are suitable for all ground types with single and double column form, stainless steel connections. Click for land systems special solutions.","breadcrumb":{"@id":"https:\/\/isotec.com.tr\/gunes-paneli-montaj-sistemleri\/arazi-montaj-sistemleri_\/#breadcrumb"},"inLanguage":"en-US","potentialAction":[{"@type":"ReadAction","target":["https:\/\/isotec.com.tr\/gunes-paneli-montaj-sistemleri\/arazi-montaj-sistemleri_\/"]}]},{"@type":"BreadcrumbList","@id":"https:\/\/isotec.com.tr\/gunes-paneli-montaj-sistemleri\/arazi-montaj-sistemleri_\/#breadcrumb","itemListElement":[{"@type":"ListItem","position":1,"name":"Sistemler","item":"https:\/\/isotec.com.tr\/eng\/systems\/"},{"@type":"ListItem","position":2,"name":"Arazi Montaj Sistemleri"}]},{"@type":"WebSite","@id":"https:\/\/isotec.com.tr\/#website","url":"https:\/\/isotec.com.tr\/","name":"ISOTEC Solar Mounting Systems","description":"Permanent solutions for future generations","publisher":{"@id":"https:\/\/isotec.com.tr\/#organization"},"potentialAction":[{"@type":"SearchAction","target":{"@type":"EntryPoint","urlTemplate":"https:\/\/isotec.com.tr\/?s={search_term_string}"},"query-input":{"@type":"PropertyValueSpecification","valueRequired":true,"valueName":"search_term_string"}}],"inLanguage":"en-US"},{"@type":"Organization","@id":"https:\/\/isotec.com.tr\/#organization","name":"ISOTEC Solar Ltd. Sti.","url":"https:\/\/isotec.com.tr\/","logo":{"@type":"ImageObject","inLanguage":"en-US","@id":"https:\/\/isotec.com.tr\/#\/schema\/logo\/image\/","url":"https:\/\/isotec.com.tr\/wp-content\/uploads\/2022\/02\/isotec_solar_logo__.png","contentUrl":"https:\/\/isotec.com.tr\/wp-content\/uploads\/2022\/02\/isotec_solar_logo__.png","width":331,"height":152,"caption":"ISOTEC Solar Ltd. \u015eti."},"image":{"@id":"https:\/\/isotec.com.tr\/#\/schema\/logo\/image\/"},"sameAs":["https:\/\/www.facebook.com\/isotec.enerji\/","https:\/\/tr.linkedin.com\/company\/isotec-enerji"]}]}},"yoast_meta":{"yoast_wpseo_title":"","yoast_wpseo_metadesc":"","yoast_wpseo_canonical":"https:\/\/isotec.com.tr\/eng\/wp-json\/wp\/v2\/pages\/2451"},"_links":{"self":[{"href":"https:\/\/isotec.com.tr\/eng\/wp-json\/wp\/v2\/pages\/2451","targetHints":{"allow":["GET"]}}],"collection":[{"href":"https:\/\/isotec.com.tr\/eng\/wp-json\/wp\/v2\/pages"}],"about":[{"href":"https:\/\/isotec.com.tr\/eng\/wp-json\/wp\/v2\/types\/page"}],"author":[{"embeddable":true,"href":"https:\/\/isotec.com.tr\/eng\/wp-json\/wp\/v2\/users\/1"}],"replies":[{"embeddable":true,"href":"https:\/\/isotec.com.tr\/eng\/wp-json\/wp\/v2\/comments?post=2451"}],"version-history":[{"count":6,"href":"https:\/\/isotec.com.tr\/eng\/wp-json\/wp\/v2\/pages\/2451\/revisions"}],"predecessor-version":[{"id":50111,"href":"https:\/\/isotec.com.tr\/eng\/wp-json\/wp\/v2\/pages\/2451\/revisions\/50111"}],"up":[{"embeddable":true,"href":"https:\/\/isotec.com.tr\/eng\/wp-json\/wp\/v2\/pages\/1203"}],"wp:attachment":[{"href":"https:\/\/isotec.com.tr\/eng\/wp-json\/wp\/v2\/media?parent=2451"}],"curies":[{"name":"wp","href":"https:\/\/api.w.org\/{rel}","templated":true}]}}