{"id":21,"date":"2020-01-31T11:35:40","date_gmt":"2020-01-31T11:35:40","guid":{"rendered":"http:\/\/isotec.com.tr\/?page_id=21"},"modified":"2026-04-14T13:24:44","modified_gmt":"2026-04-14T10:24:44","slug":"contact","status":"publish","type":"page","link":"https:\/\/isotec.com.tr\/eng\/contact\/","title":{"rendered":"Contact"},"content":{"rendered":"<div  class='flex_column av-1z3cp-2611d3bc0fdf0d4134c3a4a2c0000101 av_one_fourth  avia-builder-el-0  el_before_av_one_half  avia-builder-el-first  first flex_column_div'     ><\/div>\n<div  class='flex_column av-1hgbl-e06efca5ec2497c20a29996adaa7d014 av_one_half  avia-builder-el-1  el_after_av_one_fourth  el_before_av_one_fourth  flex_column_div'     ><\/div>\n<div  class='flex_column av-11e5p-e9ea174f9085f92df57809d944f459ba av_one_fourth  avia-builder-el-3  el_after_av_one_half  el_before_av_hr  flex_column_div'     ><\/div>\n\n<style type=\"text\/css\" data-created_by=\"avia_inline_auto\" id=\"style-css-av-kal22lq7-707aa83d04d37719214f5da0be80ffca\">\n#top .hr.hr-invisible.av-kal22lq7-707aa83d04d37719214f5da0be80ffca{\nheight:50px;\n}\n<\/style>\n<div  class='hr av-kal22lq7-707aa83d04d37719214f5da0be80ffca hr-invisible  avia-builder-el-4  el_after_av_one_fourth  el_before_av_section  avia-builder-el-last'><span class='hr-inner'><span class=\"hr-inner-style\"><\/span><\/span><\/div>\n<\/div><\/div><\/div><!-- close content main div --><\/div><\/div>\n<style type=\"text\/css\" data-created_by=\"avia_inline_auto\" id=\"style-css-av-kal0gr81-8b19883d25f7e2ab3d0c922299e79b3d\">\n.avia-section.av-kal0gr81-8b19883d25f7e2ab3d0c922299e79b3d .av-extra-border-element .av-extra-border-inner{\nbackground-color:#fcfcfc;\n}\n<\/style>\n<div id='av_section_1'  class='avia-section av-kal0gr81-8b19883d25f7e2ab3d0c922299e79b3d main_color avia-section-default avia-no-border-styling  avia-builder-el-5  el_after_av_hr  el_before_av_section  avia-bg-style-scroll av-minimum-height av-minimum-height-10 av-height-percent  container_wrap sidebar_right'   data-av_minimum_height_pc='10' data-av_min_height_opt='percent'><div class='container av-section-cont-open' ><div class='template-page content  av-content-small alpha units'><div class='post-entry post-entry-type-page post-entry-21'><div class='entry-content-wrapper clearfix'>\n<\/div><\/div><\/div><!-- close content main div --><\/div><div class='av-extra-border-element border-extra-diagonal  diagonal-box-shadow'><div class='av-extra-border-outer'><div class='av-extra-border-inner'><\/div><\/div><\/div><\/div>\n<style type=\"text\/css\" data-created_by=\"avia_inline_auto\" id=\"style-css-av-kak7ezh4-3ddc3272d5ed8be6992f525b695a1bee\">\n.avia-section.av-kak7ezh4-3ddc3272d5ed8be6992f525b695a1bee{\nbackground-color:#fcfcfc;\nbackground-image:unset;\n}\n<\/style>\n<div id='av_section_2'  class='avia-section av-kak7ezh4-3ddc3272d5ed8be6992f525b695a1bee main_color avia-section-default avia-no-border-styling  avia-builder-el-6  el_after_av_section  avia-builder-el-last  avia-bg-style-scroll container_wrap sidebar_right'  ><div class='container av-section-cont-open' ><div class='template-page content  av-content-small alpha units'><div class='post-entry post-entry-type-page post-entry-21'><div class='entry-content-wrapper clearfix'>\n\n<style type=\"text\/css\" data-created_by=\"avia_inline_auto\" id=\"style-css-av-3dge5-4f27f477850018229ad1ae0d00e49b3d\">\n.flex_column.av-3dge5-4f27f477850018229ad1ae0d00e49b3d{\nborder-radius:0px 0px 0px 0px;\npadding:0px 0px 0px 0px;\n}\n<\/style>\n<div  class='flex_column av-3dge5-4f27f477850018229ad1ae0d00e49b3d av_one_half  avia-builder-el-7  el_before_av_one_half  avia-builder-el-first  first flex_column_div av-zero-column-padding'     ><p>\n<style type=\"text\/css\" data-created_by=\"avia_inline_auto\" id=\"style-css-av-k6epwn53-bf525081c08c1ee16760facb489f8b59\">\n\n@media only screen and (min-width: 768px) and (max-width: 989px){ \n#top #wrap_all .iconbox.av-k6epwn53-bf525081c08c1ee16760facb489f8b59 .iconbox_content_title{\nfont-size:22px;\n}\n.iconbox.av-k6epwn53-bf525081c08c1ee16760facb489f8b59 .iconbox_content_container{\nfont-size:22px;\n}\n}\n<\/style>\n<article  class='iconbox iconbox_top av-k6epwn53-bf525081c08c1ee16760facb489f8b59  avia-builder-el-8  el_before_av_hr  avia-builder-el-first  main_color'  itemscope=\"itemscope\" itemtype=\"https:\/\/schema.org\/CreativeWork\" ><div class=\"iconbox_content\"><header class=\"entry-content-header\" aria-label=\"Icon: T\u00fcrkiye\"><div class='iconbox_icon heading-color avia-iconfont avia-font-entypo-fontello' data-av_icon='\ue8b1' data-av_iconfont='entypo-fontello'  ><\/div><h3 class='iconbox_content_title'  itemprop=\"headline\" >Turkey<\/h3><\/header><div class='iconbox_content_container'  itemprop=\"text\" ><p>ISOTEC Energy Inc.<\/p>\n<table style=\"width: 100%; border-collapse: collapse; border-style: hidden;\">\n<tbody>\n<tr>\n<td style=\"width: 50%;\">\n<style type=\"text\/css\" data-created_by=\"avia_inline_auto\" id=\"style-css-av-hsr9-51eaed583d1a7982aa72326f8130fc2f\">\n.av_font_icon.av-hsr9-51eaed583d1a7982aa72326f8130fc2f .av-icon-char{\nfont-size:40px;\nline-height:40px;\n}\n<\/style>\n<span  class='av_font_icon av-hsr9-51eaed583d1a7982aa72326f8130fc2f avia_animate_when_visible av-icon-style- avia-icon-pos-center avia-iconfont avia-font-entypo-fontello av-no-color avia-icon-animate'><span class='av-icon-char' data-av_icon='\ue842' data-av_iconfont='entypo-fontello' aria-hidden=\"true\" ><\/span><\/span><\/p>\n<p style=\"text-align: center;\"><span style=\"font-size: 12pt;\">Cerkesli Mah. \u0130mes OSB 19. Cad. No:18 Dilovasi\/Kocaeli<\/span><\/p>\n<p style=\"text-align: center;\">\n<\/td>\n<td style=\"width: 50%;\">\n<style type=\"text\/css\" data-created_by=\"avia_inline_auto\" id=\"style-css-av-48xvp-f67ca8c17f5988d9575c7cadd826216c\">\n.av_font_icon.av-48xvp-f67ca8c17f5988d9575c7cadd826216c .av-icon-char{\nfont-size:40px;\nline-height:40px;\n}\n<\/style>\n<span  class='av_font_icon av-48xvp-f67ca8c17f5988d9575c7cadd826216c avia_animate_when_visible av-icon-style- avia-icon-pos-center avia-iconfont avia-font-entypo-fontello av-no-color avia-icon-animate'><span class='av-icon-char' data-av_icon='\ue854' data-av_iconfont='entypo-fontello' aria-hidden=\"true\" ><\/span><\/span><\/p>\n<p style=\"text-align: center;\"><span style=\"font-size: 12pt;\">Mail: info@isotec.com.tr<\/span><br \/>\n<span style=\"font-size: 12pt;\">Phone.: <a href=\"tel:02166932349\">+90 216 693 23 49<\/a><\/span><\/p>\n<\/td>\n<\/tr>\n<\/tbody>\n<\/table>\n<\/div><\/div><footer class=\"entry-footer\"><\/footer><\/article><br \/>\n\n<style type=\"text\/css\" data-created_by=\"avia_inline_auto\" id=\"style-css-av-k623uvq4-3b10b655537c2d8b7de7270a4bf00bab\">\n#top .hr.hr-invisible.av-k623uvq4-3b10b655537c2d8b7de7270a4bf00bab{\nheight:10px;\n}\n<\/style>\n<div  class='hr av-k623uvq4-3b10b655537c2d8b7de7270a4bf00bab hr-invisible  avia-builder-el-11  el_after_av_icon_box  el_before_av_google_map  avia-builder-el-last'><span class='hr-inner'><span class=\"hr-inner-style\"><\/span><\/span><\/div><br \/>\n<div  class='av_gmaps_sc_main_wrap av_gmaps_main_wrap'><div id='av_gmap_0' class='avia-google-map-container avia-google-map-sc av_gmaps_show_unconditionally av-no-fallback-img' data-mapid='av_gmap_0'  style='height: 400px;'><a class=\"av_gmaps_browser_disabled av_text_confirm_link av_text_confirm_link_visible\" href=\"https:\/\/www.google.com\/maps\/search\/?api=1&#038;query=\u00c7erke\u015fli%20Mah.%20\u0130mes%20OSB%2019.%20Cad.%20No:18%20Dilovas\u0131\/Kocaeli%2041455%20Kocaeli%20Gebze%2029.136397999999986%2041.0861919\" target=\"_blank\">Maps were disabled by the visitor on this site. Click to open the map in a new window.<\/a><\/div><\/div><\/p><\/div>\n<style type=\"text\/css\" data-created_by=\"avia_inline_auto\" id=\"style-css-av-29jl5-b4014d1569f397314975fea901570497\">\n.flex_column.av-29jl5-b4014d1569f397314975fea901570497{\nborder-radius:0px 0px 0px 0px;\npadding:0px 0px 0px 0px;\n}\n<\/style>\n<div  class='flex_column av-29jl5-b4014d1569f397314975fea901570497 av_one_half  avia-builder-el-13  el_after_av_one_half  avia-builder-el-last  flex_column_div av-zero-column-padding'     ><p>\n<style type=\"text\/css\" data-created_by=\"avia_inline_auto\" id=\"style-css-av-k6epwn53-3-398ebe9f42933eeb15f6d305dbce1832\">\n\n@media only screen and (min-width: 768px) and (max-width: 989px){ \n#top #wrap_all .iconbox.av-k6epwn53-3-398ebe9f42933eeb15f6d305dbce1832 .iconbox_content_title{\nfont-size:22px;\n}\n.iconbox.av-k6epwn53-3-398ebe9f42933eeb15f6d305dbce1832 .iconbox_content_container{\nfont-size:22px;\n}\n}\n<\/style>\n<article  class='iconbox iconbox_top av-k6epwn53-3-398ebe9f42933eeb15f6d305dbce1832  avia-builder-el-14  el_before_av_hr  avia-builder-el-first  main_color'  itemscope=\"itemscope\" itemtype=\"https:\/\/schema.org\/CreativeWork\" ><div class=\"iconbox_content\"><header class=\"entry-content-header\" aria-label=\"Icon: Germany\"><div class='iconbox_icon heading-color avia-iconfont avia-font-entypo-fontello' data-av_icon='\ue8b1' data-av_iconfont='entypo-fontello'  ><\/div><h3 class='iconbox_content_title'  itemprop=\"headline\" >Germany<\/h3><\/header><div class='iconbox_content_container'  itemprop=\"text\" ><p>ISOTEC Solar GmbH<\/p>\n<table style=\"width: 100%; border-collapse: collapse; border-style: hidden;\">\n<tbody>\n<tr>\n<td style=\"width: 50%;\">\n<style type=\"text\/css\" data-created_by=\"avia_inline_auto\" id=\"style-css-av-3s9yh-2ceb74da057173d18099d22449d9493b\">\n.av_font_icon.av-3s9yh-2ceb74da057173d18099d22449d9493b .av-icon-char{\nfont-size:40px;\nline-height:40px;\n}\n<\/style>\n<span  class='av_font_icon av-3s9yh-2ceb74da057173d18099d22449d9493b avia_animate_when_visible av-icon-style- avia-icon-pos-center avia-iconfont avia-font-entypo-fontello av-no-color avia-icon-animate'><span class='av-icon-char' data-av_icon='\ue842' data-av_iconfont='entypo-fontello' aria-hidden=\"true\" ><\/span><\/span><\/p>\n<p style=\"text-align: center;\"><span style=\"font-size: 12pt;\">Goethestrasse 4-8,\u00a0<\/span><br class=\"\" \/><span style=\"font-size: 12pt;\">60313 Frankfurt am Main<\/span><\/p>\n<\/td>\n<td style=\"width: 50%;\">\n<style type=\"text\/css\" data-created_by=\"avia_inline_auto\" id=\"style-css-av-37y8t-626971b37ba5f2d5c4714cd97f6e81f7\">\n.av_font_icon.av-37y8t-626971b37ba5f2d5c4714cd97f6e81f7 .av-icon-char{\nfont-size:40px;\nline-height:40px;\n}\n<\/style>\n<span  class='av_font_icon av-37y8t-626971b37ba5f2d5c4714cd97f6e81f7 avia_animate_when_visible av-icon-style- avia-icon-pos-center avia-iconfont avia-font-entypo-fontello av-no-color avia-icon-animate'><span class='av-icon-char' data-av_icon='\ue854' data-av_iconfont='entypo-fontello' aria-hidden=\"true\" ><\/span><\/span><\/p>\n<p style=\"text-align: center;\"><span style=\"font-size: 12pt;\">Email: info@isotecsolar.de<\/span><br \/>\n<span style=\"font-size: 12pt;\">Tel.: +<a href=\"tel:+4969247455290\">49 6924 7455 290<\/a><\/span><\/p>\n<\/td>\n<\/tr>\n<\/tbody>\n<\/table>\n<\/div><\/div><footer class=\"entry-footer\"><\/footer><\/article><br \/>\n\n<style type=\"text\/css\" data-created_by=\"avia_inline_auto\" id=\"style-css-av-k623uvq4-2-0a76ebf225697621324b134574207bfc\">\n#top .hr.hr-invisible.av-k623uvq4-2-0a76ebf225697621324b134574207bfc{\nheight:10px;\n}\n<\/style>\n<div  class='hr av-k623uvq4-2-0a76ebf225697621324b134574207bfc hr-invisible  avia-builder-el-17  el_after_av_icon_box  el_before_av_google_map  avia-builder-el-last'><span class='hr-inner'><span class=\"hr-inner-style\"><\/span><\/span><\/div><br \/>\n<div  class='av_gmaps_sc_main_wrap av_gmaps_main_wrap'><div id='av_gmap_1' class='avia-google-map-container avia-google-map-sc av_gmaps_show_unconditionally av-no-fallback-img' data-mapid='av_gmap_1'  style='height: 400px;'><a class=\"av_gmaps_browser_disabled av_text_confirm_link av_text_confirm_link_visible\" href=\"https:\/\/www.google.com\/maps\/search\/?api=1&#038;query=Goethestra\u00dfe%204-8%2060313%20Frankfurt%20am%20Main%2029.136397999999986%2041.0861919\" target=\"_blank\">Maps were disabled by the visitor on this site. Click to open the map in a new window.<\/a><\/div><\/div><\/p><\/div>\n<\/div><\/div><\/div><!-- close content main div --><\/div><\/div><div id='after_section_2'  class='main_color av_default_container_wrap container_wrap sidebar_right'  ><div class='container av-section-cont-open' ><div class='template-page content  av-content-small alpha units'><div class='post-entry post-entry-type-page post-entry-21'><div class='entry-content-wrapper clearfix'>","protected":false},"excerpt":{"rendered":"","protected":false},"author":1,"featured_media":0,"parent":0,"menu_order":0,"comment_status":"closed","ping_status":"closed","template":"","meta":{"content-type":"","footnotes":""},"class_list":["post-21","page","type-page","status-publish","hentry"],"yoast_head":"<!-- This site is optimized with the Yoast SEO plugin v26.9 - https:\/\/yoast.com\/product\/yoast-seo-wordpress\/ -->\n<title>\u0130leti\u015fim - ISOTEC Solar Montaj Sistemleri<\/title>\n<meta name=\"description\" content=\"\u00d6zel olarak taleplerinizi iletebilece\u011finiz ve akl\u0131n\u0131za tak\u0131lan t\u00fcm sorulara yan\u0131t bulabilece\u011finiz ileti\u015fim adreslerimize bu sayfadan ula\u015fabilirsiniz.\" \/>\n<meta name=\"robots\" content=\"index, follow, max-snippet:-1, max-image-preview:large, max-video-preview:-1\" \/>\n<link rel=\"canonical\" href=\"https:\/\/isotec.com.tr\/eng\/contact\/\" \/>\n<meta property=\"og:locale\" content=\"en_US\" \/>\n<meta property=\"og:type\" content=\"article\" \/>\n<meta property=\"og:title\" content=\"\u0130leti\u015fim - ISOTEC Solar Montaj Sistemleri\" \/>\n<meta property=\"og:description\" content=\"\u00d6zel olarak taleplerinizi iletebilece\u011finiz ve akl\u0131n\u0131za tak\u0131lan t\u00fcm sorulara yan\u0131t bulabilece\u011finiz ileti\u015fim adreslerimize bu sayfadan ula\u015fabilirsiniz.\" \/>\n<meta property=\"og:url\" content=\"https:\/\/isotec.com.tr\/eng\/contact\/\" \/>\n<meta property=\"og:site_name\" content=\"ISOTEC Solar Montaj Sistemleri\" \/>\n<meta property=\"article:publisher\" content=\"https:\/\/www.facebook.com\/isotec.enerji\/\" \/>\n<meta property=\"article:modified_time\" content=\"2026-04-14T10:24:44+00:00\" \/>\n<meta name=\"twitter:card\" content=\"summary_large_image\" \/>\n<meta name=\"twitter:label1\" content=\"Est. reading time\" \/>\n\t<meta name=\"twitter:data1\" content=\"1 minute\" \/>\n<script type=\"application\/ld+json\" class=\"yoast-schema-graph\">{\"@context\":\"https:\/\/schema.org\",\"@graph\":[{\"@type\":\"WebPage\",\"@id\":\"https:\/\/isotec.com.tr\/iletisim\/\",\"url\":\"https:\/\/isotec.com.tr\/iletisim\/\",\"name\":\"\u0130leti\u015fim - ISOTEC Solar Montaj Sistemleri\",\"isPartOf\":{\"@id\":\"https:\/\/isotec.com.tr\/#website\"},\"datePublished\":\"2020-01-31T11:35:40+00:00\",\"dateModified\":\"2026-04-14T10:24:44+00:00\",\"description\":\"\u00d6zel olarak taleplerinizi iletebilece\u011finiz ve akl\u0131n\u0131za tak\u0131lan t\u00fcm sorulara yan\u0131t bulabilece\u011finiz ileti\u015fim adreslerimize bu sayfadan ula\u015fabilirsiniz.\",\"inLanguage\":\"en-US\",\"potentialAction\":[{\"@type\":\"ReadAction\",\"target\":[\"https:\/\/isotec.com.tr\/iletisim\/\"]}]},{\"@type\":\"WebSite\",\"@id\":\"https:\/\/isotec.com.tr\/#website\",\"url\":\"https:\/\/isotec.com.tr\/\",\"name\":\"ISOTEC Solar Montaj Sistemleri\",\"description\":\"Gelecek nesiller i\u00e7in kal\u0131c\u0131 \u00e7\u00f6z\u00fcmler\",\"publisher\":{\"@id\":\"https:\/\/isotec.com.tr\/#organization\"},\"potentialAction\":[{\"@type\":\"SearchAction\",\"target\":{\"@type\":\"EntryPoint\",\"urlTemplate\":\"https:\/\/isotec.com.tr\/?s={search_term_string}\"},\"query-input\":{\"@type\":\"PropertyValueSpecification\",\"valueRequired\":true,\"valueName\":\"search_term_string\"}}],\"inLanguage\":\"en-US\"},{\"@type\":\"Organization\",\"@id\":\"https:\/\/isotec.com.tr\/#organization\",\"name\":\"ISOTEC Solar Ltd. \u015eti.\",\"url\":\"https:\/\/isotec.com.tr\/\",\"logo\":{\"@type\":\"ImageObject\",\"inLanguage\":\"en-US\",\"@id\":\"https:\/\/isotec.com.tr\/#\/schema\/logo\/image\/\",\"url\":\"https:\/\/isotec.com.tr\/wp-content\/uploads\/2022\/02\/isotec_solar_logo__.png\",\"contentUrl\":\"https:\/\/isotec.com.tr\/wp-content\/uploads\/2022\/02\/isotec_solar_logo__.png\",\"width\":331,\"height\":152,\"caption\":\"ISOTEC Solar Ltd. \u015eti.\"},\"image\":{\"@id\":\"https:\/\/isotec.com.tr\/#\/schema\/logo\/image\/\"},\"sameAs\":[\"https:\/\/www.facebook.com\/isotec.enerji\/\",\"https:\/\/tr.linkedin.com\/company\/isotec-enerji\"]}]}<\/script>\n<!-- \/ Yoast SEO plugin. -->","yoast_head_json":{"title":"Contact - ISOTEC Solar Mounting Systems","description":"You can reach our contact addresses where you can convey your requests and find answers to all your questions.","robots":{"index":"index","follow":"follow","max-snippet":"max-snippet:-1","max-image-preview":"max-image-preview:large","max-video-preview":"max-video-preview:-1"},"canonical":"https:\/\/isotec.com.tr\/eng\/contact\/","og_locale":"en_US","og_type":"article","og_title":"\u0130leti\u015fim - ISOTEC Solar Montaj Sistemleri","og_description":"\u00d6zel olarak taleplerinizi iletebilece\u011finiz ve akl\u0131n\u0131za tak\u0131lan t\u00fcm sorulara yan\u0131t bulabilece\u011finiz ileti\u015fim adreslerimize bu sayfadan ula\u015fabilirsiniz.","og_url":"https:\/\/isotec.com.tr\/eng\/contact\/","og_site_name":"ISOTEC Solar Montaj Sistemleri","article_publisher":"https:\/\/www.facebook.com\/isotec.enerji\/","article_modified_time":"2026-04-14T10:24:44+00:00","twitter_card":"summary_large_image","twitter_misc":{"Est. reading time":"1 minute"},"schema":{"@context":"https:\/\/schema.org","@graph":[{"@type":"WebPage","@id":"https:\/\/isotec.com.tr\/iletisim\/","url":"https:\/\/isotec.com.tr\/iletisim\/","name":"Contact - ISOTEC Solar Mounting Systems","isPartOf":{"@id":"https:\/\/isotec.com.tr\/#website"},"datePublished":"2020-01-31T11:35:40+00:00","dateModified":"2026-04-14T10:24:44+00:00","description":"You can reach our contact addresses where you can convey your requests and find answers to all your questions.","inLanguage":"en-US","potentialAction":[{"@type":"ReadAction","target":["https:\/\/isotec.com.tr\/iletisim\/"]}]},{"@type":"WebSite","@id":"https:\/\/isotec.com.tr\/#website","url":"https:\/\/isotec.com.tr\/","name":"ISOTEC Solar Mounting Systems","description":"Permanent solutions for future generations","publisher":{"@id":"https:\/\/isotec.com.tr\/#organization"},"potentialAction":[{"@type":"SearchAction","target":{"@type":"EntryPoint","urlTemplate":"https:\/\/isotec.com.tr\/?s={search_term_string}"},"query-input":{"@type":"PropertyValueSpecification","valueRequired":true,"valueName":"search_term_string"}}],"inLanguage":"en-US"},{"@type":"Organization","@id":"https:\/\/isotec.com.tr\/#organization","name":"ISOTEC Solar Ltd. Sti.","url":"https:\/\/isotec.com.tr\/","logo":{"@type":"ImageObject","inLanguage":"en-US","@id":"https:\/\/isotec.com.tr\/#\/schema\/logo\/image\/","url":"https:\/\/isotec.com.tr\/wp-content\/uploads\/2022\/02\/isotec_solar_logo__.png","contentUrl":"https:\/\/isotec.com.tr\/wp-content\/uploads\/2022\/02\/isotec_solar_logo__.png","width":331,"height":152,"caption":"ISOTEC Solar Ltd. \u015eti."},"image":{"@id":"https:\/\/isotec.com.tr\/#\/schema\/logo\/image\/"},"sameAs":["https:\/\/www.facebook.com\/isotec.enerji\/","https:\/\/tr.linkedin.com\/company\/isotec-enerji"]}]}},"yoast_meta":{"yoast_wpseo_title":"","yoast_wpseo_metadesc":"","yoast_wpseo_canonical":"https:\/\/isotec.com.tr\/eng\/wp-json\/wp\/v2\/pages\/21"},"_links":{"self":[{"href":"https:\/\/isotec.com.tr\/eng\/wp-json\/wp\/v2\/pages\/21","targetHints":{"allow":["GET"]}}],"collection":[{"href":"https:\/\/isotec.com.tr\/eng\/wp-json\/wp\/v2\/pages"}],"about":[{"href":"https:\/\/isotec.com.tr\/eng\/wp-json\/wp\/v2\/types\/page"}],"author":[{"embeddable":true,"href":"https:\/\/isotec.com.tr\/eng\/wp-json\/wp\/v2\/users\/1"}],"replies":[{"embeddable":true,"href":"https:\/\/isotec.com.tr\/eng\/wp-json\/wp\/v2\/comments?post=21"}],"version-history":[{"count":42,"href":"https:\/\/isotec.com.tr\/eng\/wp-json\/wp\/v2\/pages\/21\/revisions"}],"predecessor-version":[{"id":49825,"href":"https:\/\/isotec.com.tr\/eng\/wp-json\/wp\/v2\/pages\/21\/revisions\/49825"}],"wp:attachment":[{"href":"https:\/\/isotec.com.tr\/eng\/wp-json\/wp\/v2\/media?parent=21"}],"curies":[{"name":"wp","href":"https:\/\/api.w.org\/{rel}","templated":true}]}}