{"id":1823,"date":"2020-03-15T16:16:37","date_gmt":"2020-03-15T16:16:37","guid":{"rendered":"http:\/\/isotec.com.tr\/?page_id=1823"},"modified":"2025-03-13T10:06:23","modified_gmt":"2025-03-13T07:06:23","slug":"privacy","status":"publish","type":"page","link":"https:\/\/isotec.com.tr\/eng\/privacy\/","title":{"rendered":"Privacy"},"content":{"rendered":"<div id='av_section_1'  class='avia-section av-7iju4f-d04f92f6105e94e1adb957128de5aa0e main_color avia-section-default avia-no-border-styling  avia-builder-el-0  avia-builder-el-no-sibling  avia-bg-style-scroll container_wrap sidebar_right'  ><div class='container av-section-cont-open' ><main  role=\"main\" itemprop=\"mainContentOfPage\"  class='template-page content  av-content-small alpha units'><div class='post-entry post-entry-type-page post-entry-1823'><div class='entry-content-wrapper clearfix'>\n\n<style type=\"text\/css\" data-created_by=\"avia_inline_auto\" id=\"style-css-av-2bxq9r-8dd856ecf4ed604779d6d24720462860\">\n#top .av-special-heading.av-2bxq9r-8dd856ecf4ed604779d6d24720462860{\nmargin:25px 0 0 0;\npadding-bottom:25px;\nfont-size:35px;\n}\nbody .av-special-heading.av-2bxq9r-8dd856ecf4ed604779d6d24720462860 .av-special-heading-tag .heading-char{\nfont-size:25px;\n}\n#top #wrap_all .av-special-heading.av-2bxq9r-8dd856ecf4ed604779d6d24720462860 .av-special-heading-tag{\nfont-size:35px;\n}\n.av-special-heading.av-2bxq9r-8dd856ecf4ed604779d6d24720462860 .av-subheading{\nfont-size:15px;\n}\n\n@media only screen and (min-width: 480px) and (max-width: 767px){ \n#top #wrap_all .av-special-heading.av-2bxq9r-8dd856ecf4ed604779d6d24720462860 .av-special-heading-tag{\nfont-size:0.8em;\n}\n}\n\n@media only screen and (max-width: 479px){ \n#top #wrap_all .av-special-heading.av-2bxq9r-8dd856ecf4ed604779d6d24720462860 .av-special-heading-tag{\nfont-size:0.8em;\n}\n}\n<\/style>\n<div  class='av-special-heading av-2bxq9r-8dd856ecf4ed604779d6d24720462860 av-special-heading-h1 blockquote modern-quote modern-centered  avia-builder-el-1  el_before_av_one_fifth  avia-builder-el-first  av-inherit-size'><h1 class='av-special-heading-tag'  itemprop=\"headline\"  >Protection of Your Personal Data<\/h1><div class=\"special-heading-border\"><div class=\"special-heading-inner-border\"><\/div><\/div><\/div>\n\n<style type=\"text\/css\" data-created_by=\"avia_inline_auto\" id=\"style-css-av-5fmv2n-0af7b9e3b36b0e149cc0d6dd7562820e\">\n.flex_column.av-5fmv2n-0af7b9e3b36b0e149cc0d6dd7562820e{\nborder-radius:0px 0px 0px 0px;\npadding:0px 0px 0px 0px;\n}\n<\/style>\n<div  class='flex_column av-5fmv2n-0af7b9e3b36b0e149cc0d6dd7562820e av_one_fifth  avia-builder-el-2  el_after_av_heading  el_before_av_three_fifth  first flex_column_div av-zero-column-padding'     ><\/div>\n<style type=\"text\/css\" data-created_by=\"avia_inline_auto\" id=\"style-css-av-4p8xjj-d4b4265baf5bfb3572d6632232dd07ac\">\n.flex_column.av-4p8xjj-d4b4265baf5bfb3572d6632232dd07ac{\nborder-radius:0px 0px 0px 0px;\npadding:0px 0px 0px 0px;\n}\n<\/style>\n<div  class='flex_column av-4p8xjj-d4b4265baf5bfb3572d6632232dd07ac av_three_fifth  avia-builder-el-3  el_after_av_one_fifth  el_before_av_one_fifth  flex_column_div av-zero-column-padding'     ><section  class='av_textblock_section av-kal8ghr4-3c4547f7955869c839fd355286a13e99'   itemscope=\"itemscope\" itemtype=\"https:\/\/schema.org\/CreativeWork\" ><div class='avia_textblock'  itemprop=\"text\" ><h2 style=\"text-align: justify;\"><\/h2>\n<p><span style=\"font-family: helvetica, arial, sans-serif;\"><b>ISOTEC ENERGY JOINT STOCK COMPANY<\/b><\/span><\/p>\n<p><span style=\"font-family: helvetica, arial, sans-serif;\"><b>WITHIN THE SCOPE OF THE PERSONAL DATA PROTECTION LAW<\/b><b><\/b><\/span><\/p>\n<p><span style=\"font-family: helvetica, arial, sans-serif;\"><b>PRIVACY POLICY<\/b><\/span><\/p>\n<p><span style=\"font-family: helvetica, arial, sans-serif;\">This Privacy Policy is made by \u0130sotec Enerji Anonim \u015eirketi (\u201c\u0130sotec Enerji Anonim \u015eirketi\u201d) within the framework of the Personal Data Protection Law No. 6698.<b>Company<\/b>\u201d), and is available on the Company\u2019s official website www.isotec.com.tr (\u201c<b>Website<\/b>&quot;) The contents on the address, users, visitors, members and other persons (\u201c<b>User or Contact Person<\/b>\u201c) determines the terms and conditions regarding the processing and transfer by the Company of personal data that the User shares or generates with the Company during its use.<\/span><\/p>\n<p><span style=\"font-family: helvetica, arial, sans-serif;\">Your personal data is processed by our Company as the data controller in accordance with the following explanations in accordance with the Law on the Protection of Personal Data. Anonymized data is not considered as personal data in accordance with the Law and processing activities related to this data are carried out without being bound by the provisions of the Privacy Policy.\u00a0<\/span><\/p>\n<ol>\n<li><span style=\"font-family: helvetica, arial, sans-serif;\"><b><\/b><b>Purposes of Processing Personal Data:<\/b><\/span><\/li>\n<\/ol>\n<p><span style=\"font-family: helvetica, arial, sans-serif;\">Your Personal Data defined in the Information Text is processed limited to the purposes specified in the Personal Data Processing Policy of Isotec Energy Inc., which is shared on the website of the Company at www.isotec.com.tr, for the purposes of improving and developing the services offered to the User on the Website; informing the User who submits their requests and complaints and being able to contact the User; providing higher quality and personalized service to the User; informing and contacting for marketing purposes, provided that it is shared by the User in the relevant sections of the Website and consent is given; eliminating the security vulnerabilities of the Website in the fastest way possible, improving the User experience, eliminating the errors occurring on the Website, interpreting the User data, planning and implementing marketing policies; planning and implementing human resources policies; carrying out reporting and business development activities, creating a database; ensuring the functioning of the corporate policies of Isotec Energy Inc.\u00a0<\/span><\/p>\n<p><span style=\"font-family: helvetica, arial, sans-serif;\">In case one of the conditions sought in the second paragraph of Article 5 and the third paragraph of Article 6 of the Law is met, personal data may be processed by the Company without the explicit consent of the User.\u00a0<\/span><\/p>\n<ol start=\"2\">\n<li><span style=\"font-family: helvetica, arial, sans-serif;\"><b><\/b><b>Transfer of Personal Data:<\/b><\/span><\/li>\n<\/ol>\n<p><span style=\"font-family: helvetica, arial, sans-serif;\">The company; listed above and\u00a0<a href=\"https:\/\/isotec.com.tr\/eng\/\">www.isotec.com.t is<\/a> The personal data may be shared with third parties from which it receives service (such as call centers, work safety, security, health, law offices, service providers, hosting service providers) for the purposes specified in the Personal Data Processing Policy of Isotec Energy Inc., which is shared on the internet address. The User accepts that his\/her personal data may be stored by the Company on servers located in any location belonging to a third party in accordance with the Law, and that Isotec Energy Inc. has fulfilled its obligation to inform in this regard and consents to this.\u00a0<\/span><\/p>\n<p><span style=\"font-family: helvetica, arial, sans-serif;\">The Company may transfer personal data to third parties without seeking the explicit consent of the User, provided that one of the conditions sought in paragraph 2 of Article 5 and paragraph 3 of Article 6 of the Law is met and, if necessary, by ensuring compliance with paragraph 2 of Article 9 of the Law.<\/span><\/p>\n<ol start=\"3\">\n<li><span style=\"font-family: helvetica, arial, sans-serif;\"><b><\/b><b>Processed Personal Data:<\/b><\/span><\/li>\n<\/ol>\n<p><span style=\"font-family: helvetica, arial, sans-serif;\">Depending on the User&#039;s access to the Website and the transactions he\/she makes on the Website, the Company;<\/span><\/p>\n<ul>\n<li><span style=\"font-family: helvetica, arial, sans-serif;\">Identity Information, <\/span><\/li>\n<li><span style=\"font-family: helvetica, arial, sans-serif;\">In-site Movement Information, <\/span><\/li>\n<li><span style=\"font-family: helvetica, arial, sans-serif;\">IP Information, <\/span><\/li>\n<li><span style=\"font-family: helvetica, arial, sans-serif;\">User Information,<\/span><\/li>\n<li><span style=\"font-family: helvetica, arial, sans-serif;\">Legal Transaction Information,<\/span><\/li>\n<li><span style=\"font-family: helvetica, arial, sans-serif;\">Contact and Address Information,<\/span><\/li>\n<li><span style=\"font-family: helvetica, arial, sans-serif;\">It may process Request\/Complaint Management Information and personal data that may be required for \u0130sotec Enerji Anonim \u015eirketi to operate the Website in accordance with the Personal Data Protection Law.<\/span><\/li>\n<\/ul>\n<ol start=\"4\">\n<li><span style=\"font-family: helvetica, arial, sans-serif;\"><b><\/b><b>Cookies:<\/b><\/span><\/li>\n<\/ol>\n<p><span style=\"font-family: helvetica, arial, sans-serif;\">Cookies are information files consisting of small particles sent to users by servers. In this context, the Company stores certain information in the form of text files on the User&#039;s computer, phone, etc. for a specified period of time and uses it again when necessary.<\/span><\/p>\n<p><span style=\"font-family: helvetica, arial, sans-serif;\">Personal data related to the transactions carried out by the User while browsing the website may be processed by \u0130sotec Enerji Anonim \u015eirketi for the purposes listed below and may be shared with third parties for this purpose. In this context, \u0130sotec Enerji Anonim \u015eirketi may track the User&#039;s browsing information and usage history on the Website in order to provide special services to the User and increase the quality of service through the website; to make special promotions; to improve the page contents according to the User; to improve the User experience; and to offer promotional and marketing suggestions; and may process the information collected from the User and use it together with information received from other sources such as third parties.<\/span><\/p>\n<p><span style=\"font-family: helvetica, arial, sans-serif;\">The User expressly accepts, declares and consents to the processing of the data that he\/she may share with \u0130sotec Enerji Anonim \u015eirketi for the purposes specified within the scope set forth in this Privacy Policy.<\/span><\/p>\n<p><span style=\"font-family: helvetica, arial, sans-serif;\">Users can change their browser settings to not accept cookies or to alert them when they are sent.<\/span><\/p>\n<ol start=\"5\">\n<li><span style=\"font-family: helvetica, arial, sans-serif;\"><b><\/b><b>Rights of the Data Subject Pursuant to Article 11 of the Law:<\/b><\/span><\/li>\n<\/ol>\n<p><span style=\"font-family: helvetica, arial, sans-serif;\">The Company informs the Data Subject of his\/her rights in accordance with Article 10 of the Law; provides guidance on how to use these rights and carries out the necessary internal functioning, administrative and technical arrangements for all these.<\/span><\/p>\n<p><span style=\"font-family: helvetica, arial, sans-serif;\"><b>ISOTEC Energy Inc. <\/b><b>In accordance with Article 11 of the Law, persons whose personal data are collected;<\/b><\/span><\/p>\n<ul>\n<li><span style=\"font-family: helvetica, arial, sans-serif;\">Learning whether personal data is being processed,<\/span><\/li>\n<li><span style=\"font-family: helvetica, arial, sans-serif;\">To request information regarding the processing of personal data,<\/span><\/li>\n<li><span style=\"font-family: helvetica, arial, sans-serif;\">To learn the purpose of processing personal data and whether they are used in accordance with their purpose,<\/span><\/li>\n<li><span style=\"font-family: helvetica, arial, sans-serif;\">To know the third parties to whom personal data is transferred, either domestically or abroad,<\/span><\/li>\n<li><span style=\"font-family: helvetica, arial, sans-serif;\">To request correction of personal data if it is processed incompletely or incorrectly,<\/span><\/li>\n<li><span style=\"font-family: helvetica, arial, sans-serif;\">Request the deletion or destruction of personal data within the framework of the conditions stipulated in Article 7 of the Law,<\/span><\/li>\n<li><span style=\"font-family: helvetica, arial, sans-serif;\">Request that the transactions carried out in accordance with subparagraphs (d) and (e) of Article 11 of the Law be notified to third parties to whom personal data has been transferred,<\/span><\/li>\n<li><span style=\"font-family: helvetica, arial, sans-serif;\">To object to a result that is to the detriment of the person himself\/herself, as a result of the analysis of the processed data exclusively through automatic systems,<\/span><\/li>\n<li><span style=\"font-family: helvetica, arial, sans-serif;\">Explains that they have the right to demand compensation in case of damages due to unlawful processing of personal data.<\/span><\/li>\n<\/ul>\n<ol start=\"6\">\n<li><span style=\"font-family: helvetica, arial, sans-serif;\"><b><\/b><b>ISOTEC Energy Inc.<\/b><b>Application to:<\/b><\/span><\/li>\n<\/ol>\n<p><span style=\"font-family: helvetica, arial, sans-serif;\">The Relevant Person may submit their requests regarding the implementation of the Law by filling out the Personal Data Protection Law Relevant Person Application Form (\u201cApplication Form to Data Controller\u201d) on the Website and submit it to the Company in the manner specified in the Application Form. The Company shall finalize the requests included in the application free of charge as soon as possible and within thirty days at the latest, depending on the nature of the request. However, if the transaction requires an additional cost, the fee in the tariff determined by the Board may be charged. The Company may respond to such requests in the manner specified in the Application Form.<\/span><\/p>\n<p><span style=\"font-family: helvetica, arial, sans-serif;\">In cases where the application is rejected, the response is found insufficient or the application is not responded to in a timely manner; the Relevant Person may complain to the Board within thirty days from the date of learning the response of Isotec Energy Inc. and in any case within sixty days from the date of application. A complaint cannot be filed without exhausting the above-mentioned remedy.<\/span><\/p>\n<ol start=\"7\">\n<li><span style=\"font-family: helvetica, arial, sans-serif;\"><b><\/b><b>Storage Period of Personal Data; Deletion, Destruction or Anonymization:<\/b><\/span><\/li>\n<\/ol>\n<ul>\n<li><span style=\"font-family: helvetica, arial, sans-serif;\">The purposes of processing personal data have been realized,<\/span><\/li>\n<li><span style=\"font-family: helvetica, arial, sans-serif;\">There is no possibility of realization,<\/span><\/li>\n<li><span style=\"font-family: helvetica, arial, sans-serif;\">The period required for the performance of the service provided to the User by Isotec Energy Anonim \u015eirketi has expired or <\/span><\/li>\n<li><span style=\"font-family: helvetica, arial, sans-serif;\">If the storage periods determined by the relevant legislation and \u0130sotec Enerji Anonim \u015eirketi have expired, personal data will be deleted, destroyed or anonymized. These personal data may only be stored to be used as evidence in possible legal disputes or to exercise a relevant right related to personal data.<\/span><\/li>\n<\/ul>\n<ol start=\"8\">\n<li><span style=\"font-family: helvetica, arial, sans-serif;\"><b><\/b><b>Method of Collecting Personal Data, Legal Reasons and Data Security:<\/b><\/span><\/li>\n<\/ol>\n<p><span style=\"font-family: helvetica, arial, sans-serif;\">Personal data is collected in all kinds of verbal, written and electronic media for the purposes stated above and processed by the Company or assigned data processors.<\/span><\/p>\n<ol start=\"9\">\n<li><span style=\"font-family: helvetica, arial, sans-serif;\"><b><\/b><b>In order to ensure data security, the Company;<\/b><\/span><\/li>\n<\/ol>\n<ul>\n<li style=\"list-style-type: none;\">\n<ul>\n<li><span style=\"font-family: helvetica, arial, sans-serif;\">To prevent the unlawful processing of personal data,<\/span><\/li>\n<li><span style=\"font-family: helvetica, arial, sans-serif;\">To prevent unlawful access to personal data,<\/span><\/li>\n<li><span style=\"font-family: helvetica, arial, sans-serif;\">To ensure the protection of personal data,<\/span><\/li>\n<li><span style=\"font-family: helvetica, arial, sans-serif;\">It must take all necessary technical and administrative measures to ensure an appropriate level of security.<\/span><\/li>\n<\/ul>\n<\/li>\n<\/ul>\n<p><span style=\"font-family: helvetica, arial, sans-serif;\"><b>In case of redirection to other sites or applications via the website <\/b><b>ISOTEC Energy Inc. <\/b><b>It has no knowledge of the compliance of the referred sites and applications with the legislation on the protection of personal data and is not responsible for their privacy policies and content.<\/b><\/span><\/p>\n<p><span style=\"font-family: helvetica, arial, sans-serif;\"><b>ISOTEC Energy Inc. <\/b><b>The Privacy Policy reserves the right to change its provisions without prior notice.<\/b><\/span><\/p>\n<p><span style=\"font-family: helvetica, arial, sans-serif;\"><b>User, <\/b><b>ISOTEC Energy Inc. <\/b><b>He\/she declares that he\/she has read and accepted all the terms written in the Website Privacy Policy, that he\/she has been informed about the processing of his\/her personal data by this Privacy Policy, and that he\/she accepts and consents to the use of his\/her personal data as stated in the Privacy Policy.<\/b><\/span><\/p>\n<\/div><\/section><\/div>\n<style type=\"text\/css\" data-created_by=\"avia_inline_auto\" id=\"style-css-av-2a3pq7-c575947b225c41e9de68f0dc2b2a186f\">\n.flex_column.av-2a3pq7-c575947b225c41e9de68f0dc2b2a186f{\nborder-radius:0px 0px 0px 0px;\npadding:0px 0px 0px 0px;\n}\n<\/style>\n<div  class='flex_column av-2a3pq7-c575947b225c41e9de68f0dc2b2a186f av_one_fifth  avia-builder-el-5  el_after_av_three_fifth  avia-builder-el-last  flex_column_div av-zero-column-padding'     ><\/div><\/div><\/div><\/main><!-- close content main element --><\/div><\/div><div id='after_section_1'  class='main_color av_default_container_wrap container_wrap sidebar_right'  ><div class='container av-section-cont-open' ><div class='template-page content  av-content-small alpha units'><div class='post-entry post-entry-type-page post-entry-1823'><div class='entry-content-wrapper clearfix'>","protected":false},"excerpt":{"rendered":"","protected":false},"author":1,"featured_media":0,"parent":0,"menu_order":0,"comment_status":"closed","ping_status":"closed","template":"","meta":{"content-type":"","footnotes":""},"class_list":["post-1823","page","type-page","status-publish","hentry"],"yoast_head":"<!-- This site is optimized with the Yoast SEO plugin v26.9 - https:\/\/yoast.com\/product\/yoast-seo-wordpress\/ -->\n<title>Gizlilik - ISOTEC Solar Montaj Sistemleri<\/title>\n<meta name=\"description\" content=\"Gizlilik ve ki\u015fisel verilerin korunmas\u0131na son derece \u00f6nem veren ISOTEC, t\u00fcm kullan\u0131c\u0131lar\u0131na kar\u015f\u0131 \u015feffaf bir politika izleyerek hizmetlerini s\u00fcrd\u00fcr\u00fcr.\" \/>\n<meta name=\"robots\" content=\"index, follow, max-snippet:-1, max-image-preview:large, max-video-preview:-1\" \/>\n<link rel=\"canonical\" href=\"https:\/\/isotec.com.tr\/eng\/privacy\/\" \/>\n<meta property=\"og:locale\" content=\"en_US\" \/>\n<meta property=\"og:type\" content=\"article\" \/>\n<meta property=\"og:title\" content=\"Gizlilik - ISOTEC Solar Montaj Sistemleri\" \/>\n<meta property=\"og:description\" content=\"Gizlilik ve ki\u015fisel verilerin korunmas\u0131na son derece \u00f6nem veren ISOTEC, t\u00fcm kullan\u0131c\u0131lar\u0131na kar\u015f\u0131 \u015feffaf bir politika izleyerek hizmetlerini s\u00fcrd\u00fcr\u00fcr.\" \/>\n<meta property=\"og:url\" content=\"https:\/\/isotec.com.tr\/eng\/privacy\/\" \/>\n<meta property=\"og:site_name\" content=\"ISOTEC Solar Montaj Sistemleri\" \/>\n<meta property=\"article:publisher\" content=\"https:\/\/www.facebook.com\/isotec.enerji\/\" \/>\n<meta property=\"article:modified_time\" content=\"2025-03-13T07:06:23+00:00\" \/>\n<meta name=\"twitter:card\" content=\"summary_large_image\" \/>\n<meta name=\"twitter:label1\" content=\"Est. reading time\" \/>\n\t<meta name=\"twitter:data1\" content=\"5 minutes\" \/>\n<script type=\"application\/ld+json\" class=\"yoast-schema-graph\">{\"@context\":\"https:\/\/schema.org\",\"@graph\":[{\"@type\":\"WebPage\",\"@id\":\"https:\/\/isotec.com.tr\/gizlilik\/\",\"url\":\"https:\/\/isotec.com.tr\/gizlilik\/\",\"name\":\"Gizlilik - ISOTEC Solar Montaj Sistemleri\",\"isPartOf\":{\"@id\":\"https:\/\/isotec.com.tr\/#website\"},\"datePublished\":\"2020-03-15T16:16:37+00:00\",\"dateModified\":\"2025-03-13T07:06:23+00:00\",\"description\":\"Gizlilik ve ki\u015fisel verilerin korunmas\u0131na son derece \u00f6nem veren ISOTEC, t\u00fcm kullan\u0131c\u0131lar\u0131na kar\u015f\u0131 \u015feffaf bir politika izleyerek hizmetlerini s\u00fcrd\u00fcr\u00fcr.\",\"inLanguage\":\"en-US\",\"potentialAction\":[{\"@type\":\"ReadAction\",\"target\":[\"https:\/\/isotec.com.tr\/gizlilik\/\"]}]},{\"@type\":\"WebSite\",\"@id\":\"https:\/\/isotec.com.tr\/#website\",\"url\":\"https:\/\/isotec.com.tr\/\",\"name\":\"ISOTEC Solar Montaj Sistemleri\",\"description\":\"Gelecek nesiller i\u00e7in kal\u0131c\u0131 \u00e7\u00f6z\u00fcmler\",\"publisher\":{\"@id\":\"https:\/\/isotec.com.tr\/#organization\"},\"potentialAction\":[{\"@type\":\"SearchAction\",\"target\":{\"@type\":\"EntryPoint\",\"urlTemplate\":\"https:\/\/isotec.com.tr\/?s={search_term_string}\"},\"query-input\":{\"@type\":\"PropertyValueSpecification\",\"valueRequired\":true,\"valueName\":\"search_term_string\"}}],\"inLanguage\":\"en-US\"},{\"@type\":\"Organization\",\"@id\":\"https:\/\/isotec.com.tr\/#organization\",\"name\":\"ISOTEC Solar Ltd. \u015eti.\",\"url\":\"https:\/\/isotec.com.tr\/\",\"logo\":{\"@type\":\"ImageObject\",\"inLanguage\":\"en-US\",\"@id\":\"https:\/\/isotec.com.tr\/#\/schema\/logo\/image\/\",\"url\":\"https:\/\/isotec.com.tr\/wp-content\/uploads\/2022\/02\/isotec_solar_logo__.png\",\"contentUrl\":\"https:\/\/isotec.com.tr\/wp-content\/uploads\/2022\/02\/isotec_solar_logo__.png\",\"width\":331,\"height\":152,\"caption\":\"ISOTEC Solar Ltd. \u015eti.\"},\"image\":{\"@id\":\"https:\/\/isotec.com.tr\/#\/schema\/logo\/image\/\"},\"sameAs\":[\"https:\/\/www.facebook.com\/isotec.enerji\/\",\"https:\/\/tr.linkedin.com\/company\/isotec-enerji\"]}]}<\/script>\n<!-- \/ Yoast SEO plugin. -->","yoast_head_json":{"title":"Privacy - ISOTEC Solar Mounting Systems","description":"ISOTEC, which attaches utmost importance to privacy and personal data protection, continues its services by following a transparent policy against all its users.","robots":{"index":"index","follow":"follow","max-snippet":"max-snippet:-1","max-image-preview":"max-image-preview:large","max-video-preview":"max-video-preview:-1"},"canonical":"https:\/\/isotec.com.tr\/eng\/privacy\/","og_locale":"en_US","og_type":"article","og_title":"Gizlilik - ISOTEC Solar Montaj Sistemleri","og_description":"Gizlilik ve ki\u015fisel verilerin korunmas\u0131na son derece \u00f6nem veren ISOTEC, t\u00fcm kullan\u0131c\u0131lar\u0131na kar\u015f\u0131 \u015feffaf bir politika izleyerek hizmetlerini s\u00fcrd\u00fcr\u00fcr.","og_url":"https:\/\/isotec.com.tr\/eng\/privacy\/","og_site_name":"ISOTEC Solar Montaj Sistemleri","article_publisher":"https:\/\/www.facebook.com\/isotec.enerji\/","article_modified_time":"2025-03-13T07:06:23+00:00","twitter_card":"summary_large_image","twitter_misc":{"Est. reading time":"5 minutes"},"schema":{"@context":"https:\/\/schema.org","@graph":[{"@type":"WebPage","@id":"https:\/\/isotec.com.tr\/gizlilik\/","url":"https:\/\/isotec.com.tr\/gizlilik\/","name":"Privacy - ISOTEC Solar Mounting Systems","isPartOf":{"@id":"https:\/\/isotec.com.tr\/#website"},"datePublished":"2020-03-15T16:16:37+00:00","dateModified":"2025-03-13T07:06:23+00:00","description":"ISOTEC, which attaches utmost importance to privacy and personal data protection, continues its services by following a transparent policy against all its users.","inLanguage":"en-US","potentialAction":[{"@type":"ReadAction","target":["https:\/\/isotec.com.tr\/gizlilik\/"]}]},{"@type":"WebSite","@id":"https:\/\/isotec.com.tr\/#website","url":"https:\/\/isotec.com.tr\/","name":"ISOTEC Solar Mounting Systems","description":"Permanent solutions for future generations","publisher":{"@id":"https:\/\/isotec.com.tr\/#organization"},"potentialAction":[{"@type":"SearchAction","target":{"@type":"EntryPoint","urlTemplate":"https:\/\/isotec.com.tr\/?s={search_term_string}"},"query-input":{"@type":"PropertyValueSpecification","valueRequired":true,"valueName":"search_term_string"}}],"inLanguage":"en-US"},{"@type":"Organization","@id":"https:\/\/isotec.com.tr\/#organization","name":"ISOTEC Solar Ltd. Sti.","url":"https:\/\/isotec.com.tr\/","logo":{"@type":"ImageObject","inLanguage":"en-US","@id":"https:\/\/isotec.com.tr\/#\/schema\/logo\/image\/","url":"https:\/\/isotec.com.tr\/wp-content\/uploads\/2022\/02\/isotec_solar_logo__.png","contentUrl":"https:\/\/isotec.com.tr\/wp-content\/uploads\/2022\/02\/isotec_solar_logo__.png","width":331,"height":152,"caption":"ISOTEC Solar Ltd. \u015eti."},"image":{"@id":"https:\/\/isotec.com.tr\/#\/schema\/logo\/image\/"},"sameAs":["https:\/\/www.facebook.com\/isotec.enerji\/","https:\/\/tr.linkedin.com\/company\/isotec-enerji"]}]}},"yoast_meta":{"yoast_wpseo_title":"","yoast_wpseo_metadesc":"","yoast_wpseo_canonical":"https:\/\/isotec.com.tr\/eng\/wp-json\/wp\/v2\/pages\/1823"},"_links":{"self":[{"href":"https:\/\/isotec.com.tr\/eng\/wp-json\/wp\/v2\/pages\/1823","targetHints":{"allow":["GET"]}}],"collection":[{"href":"https:\/\/isotec.com.tr\/eng\/wp-json\/wp\/v2\/pages"}],"about":[{"href":"https:\/\/isotec.com.tr\/eng\/wp-json\/wp\/v2\/types\/page"}],"author":[{"embeddable":true,"href":"https:\/\/isotec.com.tr\/eng\/wp-json\/wp\/v2\/users\/1"}],"replies":[{"embeddable":true,"href":"https:\/\/isotec.com.tr\/eng\/wp-json\/wp\/v2\/comments?post=1823"}],"version-history":[{"count":3,"href":"https:\/\/isotec.com.tr\/eng\/wp-json\/wp\/v2\/pages\/1823\/revisions"}],"predecessor-version":[{"id":49248,"href":"https:\/\/isotec.com.tr\/eng\/wp-json\/wp\/v2\/pages\/1823\/revisions\/49248"}],"wp:attachment":[{"href":"https:\/\/isotec.com.tr\/eng\/wp-json\/wp\/v2\/media?parent=1823"}],"curies":[{"name":"wp","href":"https:\/\/api.w.org\/{rel}","templated":true}]}}