{"id":1007,"date":"2020-02-14T08:32:10","date_gmt":"2020-02-14T08:32:10","guid":{"rendered":"http:\/\/isotec.com.tr\/?page_id=1007"},"modified":"2023-09-15T09:57:39","modified_gmt":"2023-09-15T06:57:39","slug":"download","status":"publish","type":"page","link":"https:\/\/isotec.com.tr\/eng\/download\/","title":{"rendered":"download&#039;s"},"content":{"rendered":"<style type=\"text\/css\" data-created_by=\"avia_inline_auto\" id=\"style-css-av-kamhmpof-ce68056826494908ca43769b6e7f6112\">\n.avia-section.av-kamhmpof-ce68056826494908ca43769b6e7f6112 .av-section-color-overlay{\nopacity:0.2;\nbackground-color:#c1c1c1;\nbackground-image:url(https:\/\/isotec.com.tr\/wp-content\/themes\/enfold\/images\/background-images\/diagonal-thin-light.png);\nbackground-repeat:repeat;\n}\n<\/style>\n<div id='av_section_1'  class='avia-section av-kamhmpof-ce68056826494908ca43769b6e7f6112 main_color avia-section-default avia-no-border-styling  avia-builder-el-0  el_before_av_section  avia-builder-el-first  avia-bg-style-scroll av-section-color-overlay-active container_wrap sidebar_right'  ><div class=\"av-section-color-overlay-wrap\"><div class=\"av-section-color-overlay\"><\/div><div class='container av-section-cont-open' ><main  role=\"main\" itemprop=\"mainContentOfPage\"  class='template-page content  av-content-small alpha units'><div class='post-entry post-entry-type-page post-entry-1007'><div class='entry-content-wrapper clearfix'>\n\n<style type=\"text\/css\" data-created_by=\"avia_inline_auto\" id=\"style-css-av-70ft9r-19b6f4e108867cc5516f890c9fa3eed2\">\n#top .av-special-heading.av-70ft9r-19b6f4e108867cc5516f890c9fa3eed2{\nmargin:30px 0 0 0;\npadding-bottom:6px;\nfont-size:35px;\n}\nbody .av-special-heading.av-70ft9r-19b6f4e108867cc5516f890c9fa3eed2 .av-special-heading-tag .heading-char{\nfont-size:25px;\n}\n#top #wrap_all .av-special-heading.av-70ft9r-19b6f4e108867cc5516f890c9fa3eed2 .av-special-heading-tag{\nfont-size:35px;\n}\n.av-special-heading.av-70ft9r-19b6f4e108867cc5516f890c9fa3eed2 .av-subheading{\nfont-size:15px;\n}\n\n@media only screen and (min-width: 480px) and (max-width: 767px){ \n#top #wrap_all .av-special-heading.av-70ft9r-19b6f4e108867cc5516f890c9fa3eed2 .av-special-heading-tag{\nfont-size:0.8em;\n}\n}\n\n@media only screen and (max-width: 479px){ \n#top #wrap_all .av-special-heading.av-70ft9r-19b6f4e108867cc5516f890c9fa3eed2 .av-special-heading-tag{\nfont-size:0.8em;\n}\n}\n<\/style>\n<div  class='av-special-heading av-70ft9r-19b6f4e108867cc5516f890c9fa3eed2 av-special-heading-h1 blockquote modern-quote modern-centered  avia-builder-el-1  el_before_av_heading  avia-builder-el-first  av-inherit-size'><h1 class='av-special-heading-tag'  itemprop=\"headline\"  >ISOTEC Advertising Materials<\/h1><div class=\"special-heading-border\"><div class=\"special-heading-inner-border\"><\/div><\/div><\/div>\n\n<style type=\"text\/css\" data-created_by=\"avia_inline_auto\" id=\"style-css-av-5stdrz-56a9e09f03ae1ba61d26b0a73f03d6bb\">\n#top .av-special-heading.av-5stdrz-56a9e09f03ae1ba61d26b0a73f03d6bb{\nmargin:25px 0 0 0;\npadding-bottom:25px;\nfont-size:24px;\n}\nbody .av-special-heading.av-5stdrz-56a9e09f03ae1ba61d26b0a73f03d6bb .av-special-heading-tag .heading-char{\nfont-size:25px;\n}\n#top #wrap_all .av-special-heading.av-5stdrz-56a9e09f03ae1ba61d26b0a73f03d6bb .av-special-heading-tag{\nfont-size:24px;\n}\n.av-special-heading.av-5stdrz-56a9e09f03ae1ba61d26b0a73f03d6bb .av-subheading{\nfont-size:15px;\n}\n\n@media only screen and (min-width: 480px) and (max-width: 767px){ \n#top #wrap_all .av-special-heading.av-5stdrz-56a9e09f03ae1ba61d26b0a73f03d6bb .av-special-heading-tag{\nfont-size:0.8em;\n}\n}\n\n@media only screen and (max-width: 479px){ \n#top #wrap_all .av-special-heading.av-5stdrz-56a9e09f03ae1ba61d26b0a73f03d6bb .av-special-heading-tag{\nfont-size:0.8em;\n}\n}\n<\/style>\n<div  class='av-special-heading av-5stdrz-56a9e09f03ae1ba61d26b0a73f03d6bb av-special-heading-h6 meta-heading blockquote modern-quote modern-centered  avia-builder-el-2  el_after_av_heading  avia-builder-el-last  av-inherit-size'><h6 class='av-special-heading-tag'  itemprop=\"headline\"  >Do you want to publish our company logo on your web page or do you want to include it in your catalogs? You can find all the information you need on this page. <\/h6><div class=\"special-heading-border\"><div class=\"special-heading-inner-border\"><\/div><\/div><\/div>\n\n<\/div><\/div><\/main><!-- close content main element --><\/div><\/div><\/div><div id='av_section_2'  class='avia-section av-kamh56s8-5148570a5b0d9d74783e9b7ee00f5a38 main_color avia-section-default avia-no-border-styling  avia-builder-el-3  el_after_av_section  el_before_av_section  avia-bg-style-scroll container_wrap sidebar_right'  ><div class='container av-section-cont-open' ><div class='template-page content  av-content-small alpha units'><div class='post-entry post-entry-type-page post-entry-1007'><div class='entry-content-wrapper clearfix'>\n\n<style type=\"text\/css\" data-created_by=\"avia_inline_auto\" id=\"style-css-av-9c2km7-e9265ac620ac9b7ebec4e9b9d9cddc3e\">\n#top .av-special-heading.av-9c2km7-e9265ac620ac9b7ebec4e9b9d9cddc3e{\nmargin:35px 0 0 0;\npadding-bottom:25px;\nfont-size:35px;\n}\nbody .av-special-heading.av-9c2km7-e9265ac620ac9b7ebec4e9b9d9cddc3e .av-special-heading-tag .heading-char{\nfont-size:25px;\n}\n#top #wrap_all .av-special-heading.av-9c2km7-e9265ac620ac9b7ebec4e9b9d9cddc3e .av-special-heading-tag{\nfont-size:35px;\n}\n.av-special-heading.av-9c2km7-e9265ac620ac9b7ebec4e9b9d9cddc3e .av-subheading{\nfont-size:15px;\n}\n\n@media only screen and (min-width: 480px) and (max-width: 767px){ \n#top #wrap_all .av-special-heading.av-9c2km7-e9265ac620ac9b7ebec4e9b9d9cddc3e .av-special-heading-tag{\nfont-size:0.8em;\n}\n}\n\n@media only screen and (max-width: 479px){ \n#top #wrap_all .av-special-heading.av-9c2km7-e9265ac620ac9b7ebec4e9b9d9cddc3e .av-special-heading-tag{\nfont-size:0.8em;\n}\n}\n<\/style>\n<div  class='av-special-heading av-9c2km7-e9265ac620ac9b7ebec4e9b9d9cddc3e av-special-heading-h6 blockquote modern-quote modern-centered  avia-builder-el-4  el_before_av_one_full  avia-builder-el-first  av-inherit-size'><h6 class='av-special-heading-tag'  itemprop=\"headline\"  >Our Company Logo<\/h6><div class=\"special-heading-border\"><div class=\"special-heading-inner-border\"><\/div><\/div><\/div>\n\n<style type=\"text\/css\" data-created_by=\"avia_inline_auto\" id=\"style-css-av-4epr7z-a172992605be5ada61417d3671c0c459\">\n.flex_column.av-4epr7z-a172992605be5ada61417d3671c0c459{\nborder-radius:0px 0px 0px 0px;\npadding:0px 0px 0px 0px;\n}\n<\/style>\n<div  class='flex_column av-4epr7z-a172992605be5ada61417d3671c0c459 av_one_full  avia-builder-el-5  el_after_av_heading  avia-builder-el-last  first flex_column_div av-zero-column-padding'     ><section  class='av_textblock_section av-kamih4be-7e36e199272430c3ec83d2123ef44cae'   itemscope=\"itemscope\" itemtype=\"https:\/\/schema.org\/CreativeWork\" ><div class='avia_textblock'  itemprop=\"text\" ><p><a href=\"https:\/\/isotec.com.tr\/eng\/download\/isotec_logo_-2\/\"><img loading=\"lazy\" decoding=\"async\" class=\"wp-image-48524 size-full aligncenter\" src=\"https:\/\/isotec.com.tr\/wp-content\/uploads\/2023\/09\/isotec_logo_-e1694760637439.png\" alt=\"\" width=\"595\" height=\"298\" \/><\/a><\/p>\n<p style=\"text-align: center;\"><a href=\"https:\/\/isotec.com.tr\/wp-content\/uploads\/2023\/09\/isotec_solar_logo_kullanimi.pdf\">Download Logo Usage<\/a><\/p>\n<\/div><\/section><\/div>\n\n<\/div><\/div><\/div><!-- close content main div --><\/div><\/div><div id='av_section_3'  class='avia-section av-6wicof-f30c38a15d48217c1bfa159ab40c8413 main_color avia-section-no-padding avia-no-shadow  avia-builder-el-7  el_after_av_section  avia-builder-el-last  avia-bg-style-scroll container_wrap sidebar_right'  ><div class='container av-section-cont-open' ><div class='template-page content  av-content-small alpha units'><div class='post-entry post-entry-type-page post-entry-1007'><div class='entry-content-wrapper clearfix'>\n\n<style type=\"text\/css\" data-created_by=\"avia_inline_auto\" id=\"style-css-av-kamiwa8c-bc6c79e9f9fc7f4d326f52fa8104995c\">\n#top .av-special-heading.av-kamiwa8c-bc6c79e9f9fc7f4d326f52fa8104995c{\nmargin:35px 0 0 0;\npadding-bottom:25px;\nfont-size:35px;\n}\nbody .av-special-heading.av-kamiwa8c-bc6c79e9f9fc7f4d326f52fa8104995c .av-special-heading-tag .heading-char{\nfont-size:25px;\n}\n#top #wrap_all .av-special-heading.av-kamiwa8c-bc6c79e9f9fc7f4d326f52fa8104995c .av-special-heading-tag{\nfont-size:35px;\n}\n.av-special-heading.av-kamiwa8c-bc6c79e9f9fc7f4d326f52fa8104995c .av-subheading{\nfont-size:15px;\n}\n\n@media only screen and (min-width: 480px) and (max-width: 767px){ \n#top #wrap_all .av-special-heading.av-kamiwa8c-bc6c79e9f9fc7f4d326f52fa8104995c .av-special-heading-tag{\nfont-size:0.8em;\n}\n}\n\n@media only screen and (max-width: 479px){ \n#top #wrap_all .av-special-heading.av-kamiwa8c-bc6c79e9f9fc7f4d326f52fa8104995c .av-special-heading-tag{\nfont-size:0.8em;\n}\n}\n<\/style>\n<div  class='av-special-heading av-kamiwa8c-bc6c79e9f9fc7f4d326f52fa8104995c av-special-heading-h6 blockquote modern-quote modern-centered  avia-builder-el-8  el_before_av_one_full  avia-builder-el-first  av-inherit-size'><h6 class='av-special-heading-tag'  itemprop=\"headline\"  >our colors<\/h6><div class=\"special-heading-border\"><div class=\"special-heading-inner-border\"><\/div><\/div><\/div>\n\n<style type=\"text\/css\" data-created_by=\"avia_inline_auto\" id=\"style-css-av-40f4zj-2d1aa3549f402f5ff03a16639b45b0a7\">\n.flex_column.av-40f4zj-2d1aa3549f402f5ff03a16639b45b0a7{\nborder-radius:0px 0px 0px 0px;\npadding:0px 0px 0px 0px;\n}\n<\/style>\n<div  class='flex_column av-40f4zj-2d1aa3549f402f5ff03a16639b45b0a7 av_one_full  avia-builder-el-9  el_after_av_heading  avia-builder-el-last  first flex_column_div av-zero-column-padding'     ><section  class='av_textblock_section av-kamivdzb-f46a7e93fd12f1088f02dcc08a7505a9'   itemscope=\"itemscope\" itemtype=\"https:\/\/schema.org\/CreativeWork\" ><div class='avia_textblock'  itemprop=\"text\" ><p style=\"text-align: center;\"><img loading=\"lazy\" decoding=\"async\" class=\"size-full wp-image-48527 alignnone\" src=\"https:\/\/isotec.com.tr\/wp-content\/uploads\/2023\/09\/isotec_logo_kullanimi-e1694761007162.jpg\" alt=\"\" width=\"600\" height=\"608\" \/><\/p>\n<\/div><\/section><\/div><\/div><\/div><\/div><!-- close content main div --><\/div><\/div><div id='after_section_3'  class='main_color av_default_container_wrap container_wrap sidebar_right'  ><div class='container av-section-cont-open' ><div class='template-page content  av-content-small alpha units'><div class='post-entry post-entry-type-page post-entry-1007'><div class='entry-content-wrapper clearfix'>","protected":false},"excerpt":{"rendered":"","protected":false},"author":1,"featured_media":0,"parent":0,"menu_order":0,"comment_status":"closed","ping_status":"closed","template":"","meta":{"content-type":"","footnotes":""},"class_list":["post-1007","page","type-page","status-publish","hentry"],"yoast_head":"<!-- This site is optimized with the Yoast SEO plugin v26.9 - https:\/\/yoast.com\/product\/yoast-seo-wordpress\/ -->\n<title>Download&#039;s - ISOTEC Solar Montaj Sistemleri<\/title>\n<meta name=\"description\" content=\"Sayfam\u0131z\u0131 ziyaret ederek farkl\u0131 formatlarda olu\u015fturulan logomuzu indirebilirsiniz. ISOTEC ailesi, her ko\u015fulda yan\u0131n\u0131zda olmaya devam ediyor.\" \/>\n<meta name=\"robots\" content=\"index, follow, max-snippet:-1, max-image-preview:large, max-video-preview:-1\" \/>\n<link rel=\"canonical\" href=\"https:\/\/isotec.com.tr\/eng\/download\/\" \/>\n<meta property=\"og:locale\" content=\"en_US\" \/>\n<meta property=\"og:type\" content=\"article\" \/>\n<meta property=\"og:title\" content=\"Download&#039;s - ISOTEC Solar Montaj Sistemleri\" \/>\n<meta property=\"og:description\" content=\"Sayfam\u0131z\u0131 ziyaret ederek farkl\u0131 formatlarda olu\u015fturulan logomuzu indirebilirsiniz. ISOTEC ailesi, her ko\u015fulda yan\u0131n\u0131zda olmaya devam ediyor.\" \/>\n<meta property=\"og:url\" content=\"https:\/\/isotec.com.tr\/eng\/download\/\" \/>\n<meta property=\"og:site_name\" content=\"ISOTEC Solar Montaj Sistemleri\" \/>\n<meta property=\"article:publisher\" content=\"https:\/\/www.facebook.com\/isotec.enerji\/\" \/>\n<meta property=\"article:modified_time\" content=\"2023-09-15T06:57:39+00:00\" \/>\n<meta property=\"og:image\" content=\"https:\/\/isotec.com.tr\/wp-content\/uploads\/2023\/09\/isotec_logo_-e1694760637439.png\" \/>\n<meta name=\"twitter:card\" content=\"summary_large_image\" \/>\n<meta name=\"twitter:label1\" content=\"Est. reading time\" \/>\n\t<meta name=\"twitter:data1\" content=\"3 minutes\" \/>\n<script type=\"application\/ld+json\" class=\"yoast-schema-graph\">{\"@context\":\"https:\/\/schema.org\",\"@graph\":[{\"@type\":\"WebPage\",\"@id\":\"https:\/\/isotec.com.tr\/fr\/telecharger\/\",\"url\":\"https:\/\/isotec.com.tr\/download\/\",\"name\":\"Download's - ISOTEC Solar Montaj Sistemleri\",\"isPartOf\":{\"@id\":\"https:\/\/isotec.com.tr\/#website\"},\"primaryImageOfPage\":{\"@id\":\"https:\/\/isotec.com.tr\/download\/#primaryimage\"},\"image\":{\"@id\":\"https:\/\/isotec.com.tr\/download\/#primaryimage\"},\"thumbnailUrl\":\"https:\/\/isotec.com.tr\/wp-content\/uploads\/2023\/09\/isotec_logo_-e1694760637439.png\",\"datePublished\":\"2020-02-14T08:32:10+00:00\",\"dateModified\":\"2023-09-15T06:57:39+00:00\",\"description\":\"Sayfam\u0131z\u0131 ziyaret ederek farkl\u0131 formatlarda olu\u015fturulan logomuzu indirebilirsiniz. ISOTEC ailesi, her ko\u015fulda yan\u0131n\u0131zda olmaya devam ediyor.\",\"inLanguage\":\"en-US\",\"potentialAction\":[{\"@type\":\"ReadAction\",\"target\":[\"https:\/\/isotec.com.tr\/download\/\"]}]},{\"@type\":\"ImageObject\",\"inLanguage\":\"en-US\",\"@id\":\"https:\/\/isotec.com.tr\/download\/#primaryimage\",\"url\":\"https:\/\/isotec.com.tr\/wp-content\/uploads\/2023\/09\/isotec_logo_-e1694760637439.png\",\"contentUrl\":\"https:\/\/isotec.com.tr\/wp-content\/uploads\/2023\/09\/isotec_logo_-e1694760637439.png\"},{\"@type\":\"WebSite\",\"@id\":\"https:\/\/isotec.com.tr\/#website\",\"url\":\"https:\/\/isotec.com.tr\/\",\"name\":\"ISOTEC Solar Montaj Sistemleri\",\"description\":\"Gelecek nesiller i\u00e7in kal\u0131c\u0131 \u00e7\u00f6z\u00fcmler\",\"publisher\":{\"@id\":\"https:\/\/isotec.com.tr\/#organization\"},\"potentialAction\":[{\"@type\":\"SearchAction\",\"target\":{\"@type\":\"EntryPoint\",\"urlTemplate\":\"https:\/\/isotec.com.tr\/?s={search_term_string}\"},\"query-input\":{\"@type\":\"PropertyValueSpecification\",\"valueRequired\":true,\"valueName\":\"search_term_string\"}}],\"inLanguage\":\"en-US\"},{\"@type\":\"Organization\",\"@id\":\"https:\/\/isotec.com.tr\/#organization\",\"name\":\"ISOTEC Solar Ltd. \u015eti.\",\"url\":\"https:\/\/isotec.com.tr\/\",\"logo\":{\"@type\":\"ImageObject\",\"inLanguage\":\"en-US\",\"@id\":\"https:\/\/isotec.com.tr\/#\/schema\/logo\/image\/\",\"url\":\"https:\/\/isotec.com.tr\/wp-content\/uploads\/2022\/02\/isotec_solar_logo__.png\",\"contentUrl\":\"https:\/\/isotec.com.tr\/wp-content\/uploads\/2022\/02\/isotec_solar_logo__.png\",\"width\":331,\"height\":152,\"caption\":\"ISOTEC Solar Ltd. \u015eti.\"},\"image\":{\"@id\":\"https:\/\/isotec.com.tr\/#\/schema\/logo\/image\/\"},\"sameAs\":[\"https:\/\/www.facebook.com\/isotec.enerji\/\",\"https:\/\/tr.linkedin.com\/company\/isotec-enerji\"]}]}<\/script>\n<!-- \/ Yoast SEO plugin. -->","yoast_head_json":{"title":"Download&#039;s - ISOTEC Solar Mounting Systems","description":"You can download our logo created in different formats by visiting our page. ISOTEC family continues to be with you in all conditions.","robots":{"index":"index","follow":"follow","max-snippet":"max-snippet:-1","max-image-preview":"max-image-preview:large","max-video-preview":"max-video-preview:-1"},"canonical":"https:\/\/isotec.com.tr\/eng\/download\/","og_locale":"en_US","og_type":"article","og_title":"Download's - ISOTEC Solar Montaj Sistemleri","og_description":"Sayfam\u0131z\u0131 ziyaret ederek farkl\u0131 formatlarda olu\u015fturulan logomuzu indirebilirsiniz. ISOTEC ailesi, her ko\u015fulda yan\u0131n\u0131zda olmaya devam ediyor.","og_url":"https:\/\/isotec.com.tr\/eng\/download\/","og_site_name":"ISOTEC Solar Montaj Sistemleri","article_publisher":"https:\/\/www.facebook.com\/isotec.enerji\/","article_modified_time":"2023-09-15T06:57:39+00:00","og_image":[{"url":"https:\/\/isotec.com.tr\/wp-content\/uploads\/2023\/09\/isotec_logo_-e1694760637439.png","type":"","width":"","height":""}],"twitter_card":"summary_large_image","twitter_misc":{"Est. reading time":"3 minutes"},"schema":{"@context":"https:\/\/schema.org","@graph":[{"@type":"WebPage","@id":"https:\/\/isotec.com.tr\/fr\/telecharger\/","url":"https:\/\/isotec.com.tr\/download\/","name":"Download&#039;s - ISOTEC Solar Mounting Systems","isPartOf":{"@id":"https:\/\/isotec.com.tr\/#website"},"primaryImageOfPage":{"@id":"https:\/\/isotec.com.tr\/download\/#primaryimage"},"image":{"@id":"https:\/\/isotec.com.tr\/download\/#primaryimage"},"thumbnailUrl":"https:\/\/isotec.com.tr\/wp-content\/uploads\/2023\/09\/isotec_logo_-e1694760637439.png","datePublished":"2020-02-14T08:32:10+00:00","dateModified":"2023-09-15T06:57:39+00:00","description":"You can download our logo created in different formats by visiting our page. ISOTEC family continues to be with you in all conditions.","inLanguage":"en-US","potentialAction":[{"@type":"ReadAction","target":["https:\/\/isotec.com.tr\/download\/"]}]},{"@type":"ImageObject","inLanguage":"en-US","@id":"https:\/\/isotec.com.tr\/download\/#primaryimage","url":"https:\/\/isotec.com.tr\/wp-content\/uploads\/2023\/09\/isotec_logo_-e1694760637439.png","contentUrl":"https:\/\/isotec.com.tr\/wp-content\/uploads\/2023\/09\/isotec_logo_-e1694760637439.png"},{"@type":"WebSite","@id":"https:\/\/isotec.com.tr\/#website","url":"https:\/\/isotec.com.tr\/","name":"ISOTEC Solar Mounting Systems","description":"Permanent solutions for future generations","publisher":{"@id":"https:\/\/isotec.com.tr\/#organization"},"potentialAction":[{"@type":"SearchAction","target":{"@type":"EntryPoint","urlTemplate":"https:\/\/isotec.com.tr\/?s={search_term_string}"},"query-input":{"@type":"PropertyValueSpecification","valueRequired":true,"valueName":"search_term_string"}}],"inLanguage":"en-US"},{"@type":"Organization","@id":"https:\/\/isotec.com.tr\/#organization","name":"ISOTEC Solar Ltd. Sti.","url":"https:\/\/isotec.com.tr\/","logo":{"@type":"ImageObject","inLanguage":"en-US","@id":"https:\/\/isotec.com.tr\/#\/schema\/logo\/image\/","url":"https:\/\/isotec.com.tr\/wp-content\/uploads\/2022\/02\/isotec_solar_logo__.png","contentUrl":"https:\/\/isotec.com.tr\/wp-content\/uploads\/2022\/02\/isotec_solar_logo__.png","width":331,"height":152,"caption":"ISOTEC Solar Ltd. \u015eti."},"image":{"@id":"https:\/\/isotec.com.tr\/#\/schema\/logo\/image\/"},"sameAs":["https:\/\/www.facebook.com\/isotec.enerji\/","https:\/\/tr.linkedin.com\/company\/isotec-enerji"]}]}},"yoast_meta":{"yoast_wpseo_title":"","yoast_wpseo_metadesc":"","yoast_wpseo_canonical":"https:\/\/isotec.com.tr\/eng\/wp-json\/wp\/v2\/pages\/1007"},"_links":{"self":[{"href":"https:\/\/isotec.com.tr\/eng\/wp-json\/wp\/v2\/pages\/1007","targetHints":{"allow":["GET"]}}],"collection":[{"href":"https:\/\/isotec.com.tr\/eng\/wp-json\/wp\/v2\/pages"}],"about":[{"href":"https:\/\/isotec.com.tr\/eng\/wp-json\/wp\/v2\/types\/page"}],"author":[{"embeddable":true,"href":"https:\/\/isotec.com.tr\/eng\/wp-json\/wp\/v2\/users\/1"}],"replies":[{"embeddable":true,"href":"https:\/\/isotec.com.tr\/eng\/wp-json\/wp\/v2\/comments?post=1007"}],"version-history":[{"count":3,"href":"https:\/\/isotec.com.tr\/eng\/wp-json\/wp\/v2\/pages\/1007\/revisions"}],"predecessor-version":[{"id":48444,"href":"https:\/\/isotec.com.tr\/eng\/wp-json\/wp\/v2\/pages\/1007\/revisions\/48444"}],"wp:attachment":[{"href":"https:\/\/isotec.com.tr\/eng\/wp-json\/wp\/v2\/media?parent=1007"}],"curies":[{"name":"wp","href":"https:\/\/api.w.org\/{rel}","templated":true}]}}