{"id":6760,"date":"2020-07-11T15:05:42","date_gmt":"2020-07-11T12:05:42","guid":{"rendered":"https:\/\/isotec.com.tr\/?page_id=6760"},"modified":"2020-07-11T15:07:35","modified_gmt":"2020-07-11T12:07:35","slug":"ausschreibung-der-isotrap-s23-kampagne","status":"publish","type":"page","link":"https:\/\/isotec.com.tr\/de\/ausschreibung-der-isotrap-s23-kampagne\/","title":{"rendered":"Aufforderung zur Einreichung von Vorschl\u00e4gen f\u00fcr die ISOTRAP S23-Kampagne"},"content":{"rendered":"<style type=\"text\/css\" data-created_by=\"avia_inline_auto\" id=\"style-css-av-kb943z2o-424b576c57dfb4a4378769f0a31bf1fb\">\n.flex_column.av-kb943z2o-424b576c57dfb4a4378769f0a31bf1fb{\nborder-radius:5px 5px 5px 5px;\npadding:35px 35px 35px 35px;\nbackground-color:#1873b7;\n}\n<\/style>\n<div  class='flex_column av-kb943z2o-424b576c57dfb4a4378769f0a31bf1fb av_one_full  avia-builder-el-0  avia-builder-el-no-sibling  first flex_column_div'     ><p>\n<style type=\"text\/css\" data-created_by=\"avia_inline_auto\" id=\"style-css-av-kchltyz7-7c49c10b05d73db7777a7514edaf8d01\">\n#top .av-special-heading.av-kchltyz7-7c49c10b05d73db7777a7514edaf8d01{\nmargin:25px 0 0 0;\npadding-bottom:15px;\ncolor:#ffffff;\nfont-size:35px;\n}\nbody .av-special-heading.av-kchltyz7-7c49c10b05d73db7777a7514edaf8d01 .av-special-heading-tag .heading-char{\nfont-size:25px;\n}\n#top #wrap_all .av-special-heading.av-kchltyz7-7c49c10b05d73db7777a7514edaf8d01 .av-special-heading-tag{\nfont-size:35px;\n}\n.av-special-heading.av-kchltyz7-7c49c10b05d73db7777a7514edaf8d01 .special-heading-inner-border{\nborder-color:#ffffff;\n}\n.av-special-heading.av-kchltyz7-7c49c10b05d73db7777a7514edaf8d01 .av-subheading{\nfont-size:15px;\n}\n\n@media only screen and (min-width: 480px) and (max-width: 767px){ \n#top #wrap_all .av-special-heading.av-kchltyz7-7c49c10b05d73db7777a7514edaf8d01 .av-special-heading-tag{\nfont-size:0.8em;\n}\n}\n\n@media only screen and (max-width: 479px){ \n#top #wrap_all .av-special-heading.av-kchltyz7-7c49c10b05d73db7777a7514edaf8d01 .av-special-heading-tag{\nfont-size:0.8em;\n}\n}\n<\/style>\n<div  class='av-special-heading av-kchltyz7-7c49c10b05d73db7777a7514edaf8d01 av-special-heading-h6 custom-color-heading blockquote modern-quote  avia-builder-el-1  el_before_av_textblock  avia-builder-el-first  av-inherit-size'><h6 class='av-special-heading-tag'  itemprop=\"headline\"  >Lassen Sie sich unser ISOTRAP S23 Aktionsangebot zusenden.<\/h6><div class=\"special-heading-border\"><div class=\"special-heading-inner-border\"><\/div><\/div><\/div><br \/>\n<section  class='av_textblock_section av-kb8wchz1-8543679536e61533867e4ca292f2c0d1'   itemscope=\"itemscope\" itemtype=\"https:\/\/schema.org\/CreativeWork\" ><div class='avia_textblock'  itemprop=\"text\" >\n<\/div><\/section><\/p><\/div>","protected":false},"excerpt":{"rendered":"","protected":false},"author":1,"featured_media":0,"parent":0,"menu_order":0,"comment_status":"closed","ping_status":"closed","template":"","meta":{"content-type":"","footnotes":""},"class_list":["post-6760","page","type-page","status-publish","hentry"],"yoast_head":"<!-- This site is optimized with the Yoast SEO plugin v26.9 - https:\/\/yoast.com\/product\/yoast-seo-wordpress\/ -->\n<title>ISOTRAP S23 Kampanyas\u0131 Teklif Talebi - ISOTEC Solar Montaj Sistemleri<\/title>\n<meta name=\"robots\" content=\"noindex, follow\" \/>\n<meta property=\"og:locale\" content=\"de_DE\" \/>\n<meta property=\"og:type\" content=\"article\" \/>\n<meta property=\"og:title\" content=\"ISOTRAP S23 Kampanyas\u0131 Teklif Talebi - ISOTEC Solar Montaj Sistemleri\" \/>\n<meta property=\"og:url\" content=\"https:\/\/isotec.com.tr\/de\/az\/isotrap-s23-kampaniya-t\u0259klif-ist\u0259k\/\" \/>\n<meta property=\"og:site_name\" content=\"ISOTEC Solar Montaj Sistemleri\" \/>\n<meta property=\"article:publisher\" content=\"https:\/\/www.facebook.com\/isotec.enerji\/\" \/>\n<meta property=\"article:modified_time\" content=\"2020-07-11T12:07:35+00:00\" \/>\n<meta name=\"twitter:card\" content=\"summary_large_image\" \/>\n<meta name=\"twitter:label1\" content=\"Gesch\u00e4tzte Lesezeit\" \/>\n\t<meta name=\"twitter:data1\" content=\"1\u00a0Minute\" \/>\n<script type=\"application\/ld+json\" class=\"yoast-schema-graph\">{\"@context\":\"https:\/\/schema.org\",\"@graph\":[{\"@type\":\"WebPage\",\"@id\":\"https:\/\/isotec.com.tr\/az\/isotrap-s23-kampaniya-t%c9%99klif-ist%c9%99k\/\",\"url\":\"https:\/\/isotec.com.tr\/az\/isotrap-s23-kampaniya-t%c9%99klif-ist%c9%99k\/\",\"name\":\"ISOTRAP S23 Kampanyas\u0131 Teklif Talebi - ISOTEC Solar Montaj Sistemleri\",\"isPartOf\":{\"@id\":\"https:\/\/isotec.com.tr\/#website\"},\"datePublished\":\"2020-07-11T12:05:42+00:00\",\"dateModified\":\"2020-07-11T12:07:35+00:00\",\"inLanguage\":\"de\",\"potentialAction\":[{\"@type\":\"ReadAction\",\"target\":[\"https:\/\/isotec.com.tr\/az\/isotrap-s23-kampaniya-t%c9%99klif-ist%c9%99k\/\"]}]},{\"@type\":\"WebSite\",\"@id\":\"https:\/\/isotec.com.tr\/#website\",\"url\":\"https:\/\/isotec.com.tr\/\",\"name\":\"ISOTEC Solar Montaj Sistemleri\",\"description\":\"Gelecek nesiller i\u00e7in kal\u0131c\u0131 \u00e7\u00f6z\u00fcmler\",\"publisher\":{\"@id\":\"https:\/\/isotec.com.tr\/#organization\"},\"potentialAction\":[{\"@type\":\"SearchAction\",\"target\":{\"@type\":\"EntryPoint\",\"urlTemplate\":\"https:\/\/isotec.com.tr\/?s={search_term_string}\"},\"query-input\":{\"@type\":\"PropertyValueSpecification\",\"valueRequired\":true,\"valueName\":\"search_term_string\"}}],\"inLanguage\":\"de\"},{\"@type\":\"Organization\",\"@id\":\"https:\/\/isotec.com.tr\/#organization\",\"name\":\"ISOTEC Solar Ltd. \u015eti.\",\"url\":\"https:\/\/isotec.com.tr\/\",\"logo\":{\"@type\":\"ImageObject\",\"inLanguage\":\"de\",\"@id\":\"https:\/\/isotec.com.tr\/#\/schema\/logo\/image\/\",\"url\":\"https:\/\/isotec.com.tr\/wp-content\/uploads\/2022\/02\/isotec_solar_logo__.png\",\"contentUrl\":\"https:\/\/isotec.com.tr\/wp-content\/uploads\/2022\/02\/isotec_solar_logo__.png\",\"width\":331,\"height\":152,\"caption\":\"ISOTEC Solar Ltd. \u015eti.\"},\"image\":{\"@id\":\"https:\/\/isotec.com.tr\/#\/schema\/logo\/image\/\"},\"sameAs\":[\"https:\/\/www.facebook.com\/isotec.enerji\/\",\"https:\/\/tr.linkedin.com\/company\/isotec-enerji\"]}]}<\/script>\n<!-- \/ Yoast SEO plugin. -->","yoast_head_json":{"title":"Ausschreibung f\u00fcr ISOTRAP S23 Kampagne - ISOTEC Solar Mounting Systems","robots":{"index":"noindex","follow":"follow"},"og_locale":"de_DE","og_type":"article","og_title":"ISOTRAP S23 Kampanyas\u0131 Teklif Talebi - ISOTEC Solar Montaj Sistemleri","og_url":"https:\/\/isotec.com.tr\/de\/az\/isotrap-s23-kampaniya-t\u0259klif-ist\u0259k\/","og_site_name":"ISOTEC Solar Montaj Sistemleri","article_publisher":"https:\/\/www.facebook.com\/isotec.enerji\/","article_modified_time":"2020-07-11T12:07:35+00:00","twitter_card":"summary_large_image","twitter_misc":{"Gesch\u00e4tzte Lesezeit":"1\u00a0Minute"},"schema":{"@context":"https:\/\/schema.org","@graph":[{"@type":"WebPage","@id":"https:\/\/isotec.com.tr\/az\/isotrap-s23-kampaniya-t%c9%99klif-ist%c9%99k\/","url":"https:\/\/isotec.com.tr\/az\/isotrap-s23-kampaniya-t%c9%99klif-ist%c9%99k\/","name":"Ausschreibung f\u00fcr ISOTRAP S23 Kampagne - ISOTEC Solar Mounting Systems","isPartOf":{"@id":"https:\/\/isotec.com.tr\/#website"},"datePublished":"2020-07-11T12:05:42+00:00","dateModified":"2020-07-11T12:07:35+00:00","inLanguage":"de","potentialAction":[{"@type":"ReadAction","target":["https:\/\/isotec.com.tr\/az\/isotrap-s23-kampaniya-t%c9%99klif-ist%c9%99k\/"]}]},{"@type":"WebSite","@id":"https:\/\/isotec.com.tr\/#website","url":"https:\/\/isotec.com.tr\/","name":"ISOTEC Solar Montagesysteme","description":"Dauerhafte L\u00f6sungen f\u00fcr zuk\u00fcnftige Generationen","publisher":{"@id":"https:\/\/isotec.com.tr\/#organization"},"potentialAction":[{"@type":"SearchAction","target":{"@type":"EntryPoint","urlTemplate":"https:\/\/isotec.com.tr\/?s={search_term_string}"},"query-input":{"@type":"PropertyValueSpecification","valueRequired":true,"valueName":"search_term_string"}}],"inLanguage":"de"},{"@type":"Organization","@id":"https:\/\/isotec.com.tr\/#organization","name":"ISOTEC Solar GmbH Sti.","url":"https:\/\/isotec.com.tr\/","logo":{"@type":"ImageObject","inLanguage":"de","@id":"https:\/\/isotec.com.tr\/#\/schema\/logo\/image\/","url":"https:\/\/isotec.com.tr\/wp-content\/uploads\/2022\/02\/isotec_solar_logo__.png","contentUrl":"https:\/\/isotec.com.tr\/wp-content\/uploads\/2022\/02\/isotec_solar_logo__.png","width":331,"height":152,"caption":"ISOTEC Solar Ltd. \u015eti."},"image":{"@id":"https:\/\/isotec.com.tr\/#\/schema\/logo\/image\/"},"sameAs":["https:\/\/www.facebook.com\/isotec.enerji\/","https:\/\/tr.linkedin.com\/company\/isotec-enerji"]}]}},"yoast_meta":{"yoast_wpseo_title":"","yoast_wpseo_metadesc":"","yoast_wpseo_canonical":"https:\/\/isotec.com.tr\/de\/wp-json\/wp\/v2\/pages\/6760"},"_links":{"self":[{"href":"https:\/\/isotec.com.tr\/de\/wp-json\/wp\/v2\/pages\/6760","targetHints":{"allow":["GET"]}}],"collection":[{"href":"https:\/\/isotec.com.tr\/de\/wp-json\/wp\/v2\/pages"}],"about":[{"href":"https:\/\/isotec.com.tr\/de\/wp-json\/wp\/v2\/types\/page"}],"author":[{"embeddable":true,"href":"https:\/\/isotec.com.tr\/de\/wp-json\/wp\/v2\/users\/1"}],"replies":[{"embeddable":true,"href":"https:\/\/isotec.com.tr\/de\/wp-json\/wp\/v2\/comments?post=6760"}],"version-history":[{"count":0,"href":"https:\/\/isotec.com.tr\/de\/wp-json\/wp\/v2\/pages\/6760\/revisions"}],"wp:attachment":[{"href":"https:\/\/isotec.com.tr\/de\/wp-json\/wp\/v2\/media?parent=6760"}],"curies":[{"name":"wp","href":"https:\/\/api.w.org\/{rel}","templated":true}]}}