{"id":49143,"date":"2025-03-12T11:58:33","date_gmt":"2025-03-12T08:58:33","guid":{"rendered":"https:\/\/isotec.com.tr\/?page_id=49143"},"modified":"2025-03-12T11:58:33","modified_gmt":"2025-03-12T08:58:33","slug":"ge-installation","status":"publish","type":"page","link":"https:\/\/isotec.com.tr\/de\/ge-installation\/","title":{"rendered":"WIE LANGE DAUERT DIE INSTALLATION VON SOLARMODULEN?"},"content":{"rendered":"<h2 data-start=\"438\" data-end=\"487\"><strong data-start=\"441\" data-end=\"485\">1. WIE LANGE DAUERT DIE INSTALLATION EINES SOLARMODULS?<\/strong><\/h2>\n<p data-start=\"489\" data-end=\"719\">Die Installationszeit von Solaranlagen h\u00e4ngt von der Gr\u00f6\u00dfe der Anlage, der Beschaffenheit des Grundst\u00fccks und <strong data-start=\"574\" data-end=\"594\">Genehmigungsverfahren<\/strong> kann je nach Situation variieren. Jedoch <strong data-start=\"639\" data-end=\"698\">in der Regel Wohn-Solarenergiesysteme 1-3 TAGE<\/strong> ist innerhalb abgeschlossen.<\/p>\n<p data-start=\"721\" data-end=\"843\">Bei gr\u00f6\u00dferen kommerziellen oder industriellen Projekten kann die Installationszeit <strong data-start=\"789\" data-end=\"805\">EIN PAAR WOCHEN<\/strong> Es kann zwischen und mehreren MONATEN variieren.<\/p>\n<p data-start=\"845\" data-end=\"944\">\u2705 <strong data-start=\"847\" data-end=\"942\">Eine Standard-Solaranlage f\u00fcr Privathaushalte kann in etwa 2 Tagen installiert und in Betrieb genommen werden.<\/strong><\/p>\n<h2 data-start=\"946\" data-end=\"998\"><strong data-start=\"949\" data-end=\"996\">2. PHASEN DES SOLARPANEEL-INSTALLATIONSPROZESSES<\/strong><\/h2>\n<p data-start=\"1000\" data-end=\"1105\">Der Installationsprozess von Solarmodulen besteht aus verschiedenen Phasen. Bei der Arbeit <strong data-start=\"1060\" data-end=\"1102\">Schritt-f\u00fcr-Schritt-Installationsprozess<\/strong>:<\/p>\n<h3 data-start=\"1107\" data-end=\"1164\"><strong data-start=\"1111\" data-end=\"1162\">1. MACHBARKEITSSTUDIE UND PLANUNG (1-2 WOCHEN)<\/strong><\/h3>\n<ul data-start=\"1166\" data-end=\"1444\">\n<li data-start=\"1166\" data-end=\"1287\">Zun\u00e4chst einmal Expertenteams, <strong data-start=\"1194\" data-end=\"1270\">ob Ihr Dach oder Grundst\u00fcck f\u00fcr eine Solaranlage geeignet ist<\/strong> wertet aus.<\/li>\n<li data-start=\"1288\" data-end=\"1376\">Analysiert werden Sonnenscheindauer, Verschattungsfaktoren und Dachtragf\u00e4higkeit.<\/li>\n<li data-start=\"1377\" data-end=\"1444\">Dabei werden die zu verwendenden Komponenten wie Paneltyp und Wechselrichter ermittelt.<\/li>\n<\/ul>\n<p data-start=\"1446\" data-end=\"1552\">\u2705 <strong data-start=\"1448\" data-end=\"1550\">Dieser Vorgang kann normalerweise 1\u20132 Wochen dauern, auf kleinen Systemen kann er jedoch in wenigen Tagen abgeschlossen sein.<\/strong><\/p>\n<h3 data-start=\"1554\" data-end=\"1598\"><strong data-start=\"1558\" data-end=\"1596\">2. GENEHMIGUNGS- UND GENEHMIGUNGSPROZESS (1-4 WOCHEN)<\/strong><\/h3>\n<ul data-start=\"1600\" data-end=\"1877\">\n<li data-start=\"1600\" data-end=\"1697\"><strong data-start=\"1602\" data-end=\"1630\">Netzgekoppelte Systeme<\/strong> Die Anschlussgenehmigung muss beim Energieversorgungsunternehmen eingeholt werden.<\/li>\n<li data-start=\"1698\" data-end=\"1769\">Kommunen und relevante Institutionen bewerten die Eignung des Systems.<\/li>\n<li data-start=\"1770\" data-end=\"1877\"><strong data-start=\"1772\" data-end=\"1805\">Inselsysteme (vom Stromnetz getrennt)<\/strong> Die Installation kann direkt erfolgen, ohne dass ein beh\u00f6rdliches Genehmigungsverfahren erforderlich ist.<\/li>\n<\/ul>\n<p data-start=\"1879\" data-end=\"1981\">\u2705 <strong data-start=\"1881\" data-end=\"1979\">Der Genehmigungsprozess dauert normalerweise 1\u20134 Wochen, kann in einigen Bereichen jedoch auch schneller abgeschlossen werden.<\/strong><\/p>\n<h3 data-start=\"1983\" data-end=\"2023\"><strong data-start=\"1987\" data-end=\"2021\">3. MONTAGE UND INSTALLATION (1-3 TAGE)<\/strong><\/h3>\n<ul data-start=\"2025\" data-end=\"2198\">\n<li data-start=\"2025\" data-end=\"2071\">Montage der Paneele auf dem Dach oder Boden<\/li>\n<li data-start=\"2072\" data-end=\"2123\">Verkabelung und Wechselrichteranschl\u00fcsse<\/li>\n<li data-start=\"2124\" data-end=\"2198\">Die Paneele im richtigen Winkel platzieren und sicher befestigen<\/li>\n<\/ul>\n<p data-start=\"2200\" data-end=\"2274\">\u2705 <strong data-start=\"2202\" data-end=\"2272\">Bei Standardsystemen f\u00fcr Privathaushalte betr\u00e4gt die durchschnittliche Installationszeit 1\u20133 Tage.<\/strong><\/p>\n<h3 data-start=\"2276\" data-end=\"2317\"><strong data-start=\"2280\" data-end=\"2315\">4. TEST UND INBETRIEBNAHME (1 TAG)<\/strong><\/h3>\n<ul data-start=\"2319\" data-end=\"2498\">\n<li data-start=\"2319\" data-end=\"2383\">Dabei werden s\u00e4mtliche Verbindungen \u00fcberpr\u00fcft und Sicherheitstests durchgef\u00fchrt.<\/li>\n<li data-start=\"2384\" data-end=\"2433\">Es wird gemessen, ob das System effizient arbeitet oder nicht.<\/li>\n<li data-start=\"2434\" data-end=\"2498\">Nachdem die notwendigen Anpassungen vorgenommen wurden, wird das System in Betrieb genommen.<\/li>\n<\/ul>\n<p data-start=\"2500\" data-end=\"2571\">\u2705 <strong data-start=\"2502\" data-end=\"2569\">Die Pr\u00fcfung und Inbetriebnahme ist in der Regel innerhalb eines Tages abgeschlossen.<\/strong><\/p>\n<h2 data-start=\"2573\" data-end=\"2634\"><strong data-start=\"2576\" data-end=\"2632\">3. Faktoren, die die Installationszeit von Solarmodulen beeinflussen<\/strong><\/h2>\n<p data-start=\"2636\" data-end=\"2721\">Die Installationszeit einer Solaranlage kann je nach verschiedenen Faktoren variieren:<\/p>\n<table data-start=\"2723\" data-end=\"3303\">\n<thead data-start=\"2723\" data-end=\"2752\">\n<tr data-start=\"2723\" data-end=\"2752\">\n<th data-start=\"2723\" data-end=\"2736\"><strong data-start=\"2725\" data-end=\"2735\">Faktor<\/strong><\/th>\n<th data-start=\"2736\" data-end=\"2752\"><strong data-start=\"2738\" data-end=\"2748\">Die Wirkung<\/strong><\/th>\n<\/tr>\n<\/thead>\n<tbody data-start=\"2783\" data-end=\"3303\">\n<tr data-start=\"2783\" data-end=\"2855\">\n<td><strong data-start=\"2785\" data-end=\"2805\">Systemgr\u00f6\u00dfe<\/strong><\/td>\n<td>Bei gr\u00f6\u00dferen Systemen erh\u00f6ht sich die Installationszeit.<\/td>\n<\/tr>\n<tr data-start=\"2856\" data-end=\"2936\">\n<td><strong data-start=\"2858\" data-end=\"2873\">Dachkonstruktion<\/strong><\/td>\n<td>Bei Schr\u00e4gd\u00e4chern oder \u00e4lteren D\u00e4chern kann eine zus\u00e4tzliche Verst\u00e4rkung erforderlich sein.<\/td>\n<\/tr>\n<tr data-start=\"2937\" data-end=\"3024\">\n<td><strong data-start=\"2939\" data-end=\"2954\">Genehmigungsprozess<\/strong><\/td>\n<td>Bei netzgekoppelten Systemen kann der formelle Genehmigungsprozess einige Zeit in Anspruch nehmen.<\/td>\n<\/tr>\n<tr data-start=\"3025\" data-end=\"3110\">\n<td><strong data-start=\"3027\" data-end=\"3045\">Wetterbedingungen<\/strong><\/td>\n<td>Bei regnerischem oder windigem Wetter kann es zu Verz\u00f6gerungen bei der Installation kommen.<\/td>\n<\/tr>\n<tr data-start=\"3111\" data-end=\"3215\">\n<td><strong data-start=\"3113\" data-end=\"3131\">Ausr\u00fcstungsversorgung<\/strong><\/td>\n<td>Nicht vorr\u00e4tige oder speziell bestellte Ger\u00e4te k\u00f6nnen den Vorgang verl\u00e4ngern.<\/td>\n<\/tr>\n<tr data-start=\"3216\" data-end=\"3303\">\n<td><strong data-start=\"3218\" data-end=\"3243\">Expertenteam und Erfahrung<\/strong><\/td>\n<td>Erfahrene Teams k\u00f6nnen die Installation schneller abschlie\u00dfen.<\/td>\n<\/tr>\n<\/tbody>\n<\/table>\n<p data-start=\"3305\" data-end=\"3383\">\u2705 <strong data-start=\"3307\" data-end=\"3381\">Mit der richtigen Planung und Expertenteams kann die Installationszeit minimiert werden.<\/strong><\/p>\n<h2 data-start=\"3385\" data-end=\"3461\"><strong data-start=\"3388\" data-end=\"3459\">4. WIE LANGE DAUERT DIE ANLAGE EINER GEWERBLICHEN UND INDUSTRIELLEN SOLARANLAGE?<\/strong><\/h2>\n<ul data-start=\"3463\" data-end=\"3556\">\n<li data-start=\"3463\" data-end=\"3510\"><strong data-start=\"3465\" data-end=\"3498\">Mittelgro\u00dfe Gewerbeprojekte:<\/strong> 1-2 WOCHEN<\/li>\n<li data-start=\"3511\" data-end=\"3556\"><strong data-start=\"3513\" data-end=\"3547\">Gro\u00dfe Projekte im industriellen Ma\u00dfstab:<\/strong> 1-6 MONATE<\/li>\n<\/ul>\n<p data-start=\"3558\" data-end=\"3664\">\u2705 <strong data-start=\"3560\" data-end=\"3662\">Die Installationszeit f\u00fcr Industriesysteme variiert je nach Projektgr\u00f6\u00dfe und Standortbedingungen.<\/strong><\/p>\n<h2 data-start=\"3666\" data-end=\"3728\"><strong data-start=\"3669\" data-end=\"3726\">5. FAZIT: WIE LANGE DAUERT DIE INSTALLATION DER SOLARMODULE?<\/strong><\/h2>\n<p data-start=\"3730\" data-end=\"3911\"><strong data-start=\"3730\" data-end=\"3819\">Solarenergiesysteme f\u00fcr Privathaushalte k\u00f6nnen normalerweise innerhalb von 1\u20133 Tagen installiert und betriebsbereit sein.<\/strong> Jedoch <strong data-start=\"3826\" data-end=\"3908\">Die Gesamtdauer einschlie\u00dflich Genehmigungs- und Planungsprozess kann zwischen 2 und 6 Wochen variieren.<\/strong>.<\/p>\n<p data-start=\"3913\" data-end=\"4020\"><strong data-start=\"3913\" data-end=\"3950\">In gewerblichen und industriellen Anlagen<\/strong> Installationszeit <strong data-start=\"3970\" data-end=\"4017\">Es kann einige Wochen bis einige Monate dauern.<\/strong>.<\/p>\n<p data-start=\"4022\" data-end=\"4152\" data-is-last-node=\"\" data-is-only-node=\"\">\ud83d\udca1 <strong data-start=\"4025\" data-end=\"4150\">Sie k\u00f6nnen den Prozess optimal steuern, indem Sie f\u00fcr eine schnelle und effiziente Solarenergieinstallation mit professionellen Unternehmen zusammenarbeiten.<\/strong><\/p>","protected":false},"excerpt":{"rendered":"<p>1. G\u00dcNE\u015e PANEL\u0130 KURULUM S\u00dcRES\u0130 NE KADAR? G\u00fcne\u015f paneli sistemlerinin montaj s\u00fcresi, sistemin b\u00fcy\u00fckl\u00fc\u011f\u00fcne, arazinin yap\u0131s\u0131na ve izin s\u00fcre\u00e7lerine ba\u011fl\u0131 olarak de\u011fi\u015fiklik g\u00f6sterebilir. Ancak genellikle konut tipi g\u00fcne\u015f enerjisi sistemleri 1-3 G\u00dcN i\u00e7inde tamamlan\u0131r. Daha b\u00fcy\u00fck ticari veya sanayi \u00f6l\u00e7ekli projelerde ise kurulum s\u00fcresi birka\u00e7 HAFTA ile birka\u00e7 AY aras\u0131nda de\u011fi\u015febilir. \u2705 Standart bir ev [&hellip;]<\/p>","protected":false},"author":13,"featured_media":0,"parent":0,"menu_order":0,"comment_status":"closed","ping_status":"closed","template":"","meta":{"content-type":"","footnotes":""},"class_list":["post-49143","page","type-page","status-publish","hentry"],"yoast_head":"<!-- This site is optimized with the Yoast SEO plugin v26.9 - https:\/\/yoast.com\/product\/yoast-seo-wordpress\/ -->\n<title>G\u00dcNE\u015e PANEL\u0130 KURULUM S\u00dcRES\u0130 NE KADAR? - ISOTEC Solar Montaj Sistemleri<\/title>\n<meta name=\"description\" content=\"G\u00fcne\u015f paneli montaj\u0131 ne kadar s\u00fcrer? G\u00fcne\u015f enerjisi sistemlerinin kurulum s\u00fcresi, ad\u0131m ad\u0131m izlenen s\u00fcre\u00e7ler ve etkileyen fakt\u00f6rlerle birlikte bu yaz\u0131da ele al\u0131n\u0131yor. Ev tipi ve ticari sistemlerin montaj s\u00fcresi hakk\u0131nda bilgi edinin.\" \/>\n<meta name=\"robots\" content=\"index, follow, max-snippet:-1, max-image-preview:large, max-video-preview:-1\" \/>\n<link rel=\"canonical\" href=\"https:\/\/isotec.com.tr\/de\/ge-installation\/\" \/>\n<meta property=\"og:locale\" content=\"de_DE\" \/>\n<meta property=\"og:type\" content=\"article\" \/>\n<meta property=\"og:title\" content=\"G\u00dcNE\u015e PANEL\u0130 KURULUM S\u00dcRES\u0130 NE KADAR? - ISOTEC Solar Montaj Sistemleri\" \/>\n<meta property=\"og:description\" content=\"G\u00fcne\u015f paneli montaj\u0131 ne kadar s\u00fcrer? G\u00fcne\u015f enerjisi sistemlerinin kurulum s\u00fcresi, ad\u0131m ad\u0131m izlenen s\u00fcre\u00e7ler ve etkileyen fakt\u00f6rlerle birlikte bu yaz\u0131da ele al\u0131n\u0131yor. Ev tipi ve ticari sistemlerin montaj s\u00fcresi hakk\u0131nda bilgi edinin.\" \/>\n<meta property=\"og:url\" content=\"https:\/\/isotec.com.tr\/de\/ge-installation\/\" \/>\n<meta property=\"og:site_name\" content=\"ISOTEC Solar Montaj Sistemleri\" \/>\n<meta property=\"article:publisher\" content=\"https:\/\/www.facebook.com\/isotec.enerji\/\" \/>\n<meta name=\"twitter:card\" content=\"summary_large_image\" \/>\n<meta name=\"twitter:label1\" content=\"Gesch\u00e4tzte Lesezeit\" \/>\n\t<meta name=\"twitter:data1\" content=\"2\u00a0Minuten\" \/>\n<script type=\"application\/ld+json\" class=\"yoast-schema-graph\">{\"@context\":\"https:\/\/schema.org\",\"@graph\":[{\"@type\":\"WebPage\",\"@id\":\"https:\/\/isotec.com.tr\/ges-kurulum\/\",\"url\":\"https:\/\/isotec.com.tr\/ges-kurulum\/\",\"name\":\"G\u00dcNE\u015e PANEL\u0130 KURULUM S\u00dcRES\u0130 NE KADAR? - ISOTEC Solar Montaj Sistemleri\",\"isPartOf\":{\"@id\":\"https:\/\/isotec.com.tr\/#website\"},\"datePublished\":\"2025-03-12T08:58:33+00:00\",\"description\":\"G\u00fcne\u015f paneli montaj\u0131 ne kadar s\u00fcrer? G\u00fcne\u015f enerjisi sistemlerinin kurulum s\u00fcresi, ad\u0131m ad\u0131m izlenen s\u00fcre\u00e7ler ve etkileyen fakt\u00f6rlerle birlikte bu yaz\u0131da ele al\u0131n\u0131yor. Ev tipi ve ticari sistemlerin montaj s\u00fcresi hakk\u0131nda bilgi edinin.\",\"inLanguage\":\"de\",\"potentialAction\":[{\"@type\":\"ReadAction\",\"target\":[\"https:\/\/isotec.com.tr\/ges-kurulum\/\"]}]},{\"@type\":\"WebSite\",\"@id\":\"https:\/\/isotec.com.tr\/#website\",\"url\":\"https:\/\/isotec.com.tr\/\",\"name\":\"ISOTEC Solar Montaj Sistemleri\",\"description\":\"Gelecek nesiller i\u00e7in kal\u0131c\u0131 \u00e7\u00f6z\u00fcmler\",\"publisher\":{\"@id\":\"https:\/\/isotec.com.tr\/#organization\"},\"potentialAction\":[{\"@type\":\"SearchAction\",\"target\":{\"@type\":\"EntryPoint\",\"urlTemplate\":\"https:\/\/isotec.com.tr\/?s={search_term_string}\"},\"query-input\":{\"@type\":\"PropertyValueSpecification\",\"valueRequired\":true,\"valueName\":\"search_term_string\"}}],\"inLanguage\":\"de\"},{\"@type\":\"Organization\",\"@id\":\"https:\/\/isotec.com.tr\/#organization\",\"name\":\"ISOTEC Solar Ltd. \u015eti.\",\"url\":\"https:\/\/isotec.com.tr\/\",\"logo\":{\"@type\":\"ImageObject\",\"inLanguage\":\"de\",\"@id\":\"https:\/\/isotec.com.tr\/#\/schema\/logo\/image\/\",\"url\":\"https:\/\/isotec.com.tr\/wp-content\/uploads\/2022\/02\/isotec_solar_logo__.png\",\"contentUrl\":\"https:\/\/isotec.com.tr\/wp-content\/uploads\/2022\/02\/isotec_solar_logo__.png\",\"width\":331,\"height\":152,\"caption\":\"ISOTEC Solar Ltd. \u015eti.\"},\"image\":{\"@id\":\"https:\/\/isotec.com.tr\/#\/schema\/logo\/image\/\"},\"sameAs\":[\"https:\/\/www.facebook.com\/isotec.enerji\/\",\"https:\/\/tr.linkedin.com\/company\/isotec-enerji\"]}]}<\/script>\n<!-- \/ Yoast SEO plugin. -->","yoast_head_json":{"title":"WIE LANGE DAUERT DIE INSTALLATION VON SOLARMODULEN? - ISOTEC Solar Montagesysteme","description":"Wie lange dauert die Installation von Solarmodulen? In diesem Artikel werden die Installationszeit von Solaranlagen, der Ablauf und die Einflussfaktoren erl\u00e4utert. Informieren Sie sich \u00fcber die Installationszeiten f\u00fcr private und gewerbliche Systeme.","robots":{"index":"index","follow":"follow","max-snippet":"max-snippet:-1","max-image-preview":"max-image-preview:large","max-video-preview":"max-video-preview:-1"},"canonical":"https:\/\/isotec.com.tr\/de\/ge-installation\/","og_locale":"de_DE","og_type":"article","og_title":"G\u00dcNE\u015e PANEL\u0130 KURULUM S\u00dcRES\u0130 NE KADAR? - ISOTEC Solar Montaj Sistemleri","og_description":"G\u00fcne\u015f paneli montaj\u0131 ne kadar s\u00fcrer? G\u00fcne\u015f enerjisi sistemlerinin kurulum s\u00fcresi, ad\u0131m ad\u0131m izlenen s\u00fcre\u00e7ler ve etkileyen fakt\u00f6rlerle birlikte bu yaz\u0131da ele al\u0131n\u0131yor. Ev tipi ve ticari sistemlerin montaj s\u00fcresi hakk\u0131nda bilgi edinin.","og_url":"https:\/\/isotec.com.tr\/de\/ge-installation\/","og_site_name":"ISOTEC Solar Montaj Sistemleri","article_publisher":"https:\/\/www.facebook.com\/isotec.enerji\/","twitter_card":"summary_large_image","twitter_misc":{"Gesch\u00e4tzte Lesezeit":"2\u00a0Minuten"},"schema":{"@context":"https:\/\/schema.org","@graph":[{"@type":"WebPage","@id":"https:\/\/isotec.com.tr\/ges-kurulum\/","url":"https:\/\/isotec.com.tr\/ges-kurulum\/","name":"WIE LANGE DAUERT DIE INSTALLATION VON SOLARMODULEN? - ISOTEC Solar Montagesysteme","isPartOf":{"@id":"https:\/\/isotec.com.tr\/#website"},"datePublished":"2025-03-12T08:58:33+00:00","description":"Wie lange dauert die Installation von Solarmodulen? In diesem Artikel werden die Installationszeit von Solaranlagen, der Ablauf und die Einflussfaktoren erl\u00e4utert. Informieren Sie sich \u00fcber die Installationszeiten f\u00fcr private und gewerbliche Systeme.","inLanguage":"de","potentialAction":[{"@type":"ReadAction","target":["https:\/\/isotec.com.tr\/ges-kurulum\/"]}]},{"@type":"WebSite","@id":"https:\/\/isotec.com.tr\/#website","url":"https:\/\/isotec.com.tr\/","name":"ISOTEC Solar Montagesysteme","description":"Dauerhafte L\u00f6sungen f\u00fcr zuk\u00fcnftige Generationen","publisher":{"@id":"https:\/\/isotec.com.tr\/#organization"},"potentialAction":[{"@type":"SearchAction","target":{"@type":"EntryPoint","urlTemplate":"https:\/\/isotec.com.tr\/?s={search_term_string}"},"query-input":{"@type":"PropertyValueSpecification","valueRequired":true,"valueName":"search_term_string"}}],"inLanguage":"de"},{"@type":"Organization","@id":"https:\/\/isotec.com.tr\/#organization","name":"ISOTEC Solar GmbH Sti.","url":"https:\/\/isotec.com.tr\/","logo":{"@type":"ImageObject","inLanguage":"de","@id":"https:\/\/isotec.com.tr\/#\/schema\/logo\/image\/","url":"https:\/\/isotec.com.tr\/wp-content\/uploads\/2022\/02\/isotec_solar_logo__.png","contentUrl":"https:\/\/isotec.com.tr\/wp-content\/uploads\/2022\/02\/isotec_solar_logo__.png","width":331,"height":152,"caption":"ISOTEC Solar Ltd. \u015eti."},"image":{"@id":"https:\/\/isotec.com.tr\/#\/schema\/logo\/image\/"},"sameAs":["https:\/\/www.facebook.com\/isotec.enerji\/","https:\/\/tr.linkedin.com\/company\/isotec-enerji"]}]}},"yoast_meta":{"yoast_wpseo_title":"","yoast_wpseo_metadesc":"","yoast_wpseo_canonical":"https:\/\/isotec.com.tr\/de\/wp-json\/wp\/v2\/pages\/49143"},"_links":{"self":[{"href":"https:\/\/isotec.com.tr\/de\/wp-json\/wp\/v2\/pages\/49143","targetHints":{"allow":["GET"]}}],"collection":[{"href":"https:\/\/isotec.com.tr\/de\/wp-json\/wp\/v2\/pages"}],"about":[{"href":"https:\/\/isotec.com.tr\/de\/wp-json\/wp\/v2\/types\/page"}],"author":[{"embeddable":true,"href":"https:\/\/isotec.com.tr\/de\/wp-json\/wp\/v2\/users\/13"}],"replies":[{"embeddable":true,"href":"https:\/\/isotec.com.tr\/de\/wp-json\/wp\/v2\/comments?post=49143"}],"version-history":[{"count":2,"href":"https:\/\/isotec.com.tr\/de\/wp-json\/wp\/v2\/pages\/49143\/revisions"}],"predecessor-version":[{"id":49145,"href":"https:\/\/isotec.com.tr\/de\/wp-json\/wp\/v2\/pages\/49143\/revisions\/49145"}],"wp:attachment":[{"href":"https:\/\/isotec.com.tr\/de\/wp-json\/wp\/v2\/media?parent=49143"}],"curies":[{"name":"wp","href":"https:\/\/api.w.org\/{rel}","templated":true}]}}